{"id":9121,"date":"2025-02-04T14:05:11","date_gmt":"2025-02-04T14:05:11","guid":{"rendered":"https:\/\/hodmaassluis.nl\/chi-siamo\/"},"modified":"2025-09-24T13:51:44","modified_gmt":"2025-09-24T13:51:44","slug":"chi-siamo","status":"publish","type":"page","link":"https:\/\/hodmaassluis.nl\/it\/chi-siamo\/","title":{"rendered":"Chi siamo"},"content":{"rendered":"\t\t<div data-elementor-type=\"wp-page\" data-elementor-id=\"9121\" class=\"elementor elementor-9121 elementor-8677\">\n\t\t\t\t<div class=\"elementor-element elementor-element-8030a81 e-flex e-con-boxed wpr-particle-no wpr-jarallax-no wpr-parallax-no wpr-sticky-section-no e-con e-parent\" data-id=\"8030a81\" data-element_type=\"container\" data-settings=\"{&quot;background_background&quot;:&quot;classic&quot;}\">\n\t\t\t\t\t<div class=\"e-con-inner\">\n\t\t\t\t<div class=\"elementor-element elementor-element-9408ba5 elementor-widget elementor-widget-heading\" data-id=\"9408ba5\" data-element_type=\"widget\" data-widget_type=\"heading.default\">\n\t\t\t\t<div class=\"elementor-widget-container\">\n\t\t\t\t\t<h1 class=\"elementor-heading-title elementor-size-default\">Chi siamo<\/h1>\t\t\t\t<\/div>\n\t\t\t\t<\/div>\n\t\t\t\t\t<\/div>\n\t\t\t\t<\/div>\n\t\t<div class=\"elementor-element elementor-element-e2c4003 e-flex e-con-boxed wpr-particle-no wpr-jarallax-no wpr-parallax-no wpr-sticky-section-no e-con e-parent\" data-id=\"e2c4003\" data-element_type=\"container\">\n\t\t\t\t\t<div class=\"e-con-inner\">\n\t\t<div class=\"elementor-element elementor-element-3878c15 e-flex e-con-boxed wpr-particle-no wpr-jarallax-no wpr-parallax-no wpr-sticky-section-no elementor-invisible e-con e-child\" data-id=\"3878c15\" data-element_type=\"container\" data-settings=\"{&quot;animation&quot;:&quot;slideInLeft&quot;}\">\n\t\t\t\t\t<div class=\"e-con-inner\">\n\t\t\t\t<div class=\"elementor-element elementor-element-1b719f4 elementor-widget elementor-widget-heading\" data-id=\"1b719f4\" data-element_type=\"widget\" data-widget_type=\"heading.default\">\n\t\t\t\t<div class=\"elementor-widget-container\">\n\t\t\t\t\t<h2 class=\"elementor-heading-title elementor-size-default\">Passione per l'artigianato e la qualit\u00e0<\/h2>\t\t\t\t<\/div>\n\t\t\t\t<\/div>\n\t\t\t\t<div class=\"elementor-element elementor-element-84e7306 elementor-widget elementor-widget-text-editor\" data-id=\"84e7306\" data-element_type=\"widget\" data-widget_type=\"text-editor.default\">\n\t\t\t\t<div class=\"elementor-widget-container\">\n\t\t\t\t\t\t\t\t\t<div class=\"elementor-element elementor-element-84e7306 elementor-widget elementor-widget-text-editor\" data-id=\"84e7306\" data-element_type=\"widget\" data-widget_type=\"text-editor.default\"><div class=\"elementor-widget-container\"><p>In H.O.D. Maassluis commerciamo merci in stock in modo accessibile e semplice. Che si tratti di vendere le tue scorte o di una data di scadenza imminente, sei nel posto giusto per una soluzione rapida. <\/p><p>Per i nostri clienti siamo il posto ideale per commercianti e venditori ambulanti che vedono ancora un&#8217;opportunit\u00e0. Famosi per i nostri prezzi. Molti di voi ci conoscono da anni.   <\/p><\/div><\/div>\t\t\t\t\t\t\t\t<\/div>\n\t\t\t\t<\/div>\n\t\t\t\t\t<\/div>\n\t\t\t\t<\/div>\n\t\t<div class=\"elementor-element elementor-element-3c5575f e-flex e-con-boxed wpr-particle-no wpr-jarallax-no wpr-parallax-no wpr-sticky-section-no elementor-invisible e-con e-child\" data-id=\"3c5575f\" data-element_type=\"container\" data-settings=\"{&quot;animation&quot;:&quot;slideInRight&quot;}\">\n\t\t\t\t\t<div class=\"e-con-inner\">\n\t\t\t\t<div class=\"elementor-element elementor-element-2d81cbc wpr-promo-box-style-cover elementor-invisible elementor-widget elementor-widget-wpr-promo-box\" data-id=\"2d81cbc\" data-element_type=\"widget\" data-settings=\"{&quot;_animation&quot;:&quot;slideInRight&quot;,&quot;_animation_delay&quot;:100}\" data-widget_type=\"wpr-promo-box.default\">\n\t\t\t\t<div class=\"elementor-widget-container\">\n\t\t\t\t\t\n\t\t<div class=\"wpr-promo-box wpr-animation-wrap\">\n\n\t\t\t\t\t\t<a class=\"wpr-promo-box-link\" href=\"https:\/\/hodmaassluis.nl\/de-winkel\/\"><\/a>\t\n\t\t\t\t\t\t\t\n\t\t\t\t\t\t\t<div class=\"wpr-promo-box-image\">\n\t\t\t\t\t<div class=\"wpr-promo-box-bg-image wpr-bg-anim-zoom-in wpr-anim-timing-ease-default lazyload\" style=\"background-image:inherit;\" data-bg-image=\"url(https:\/\/hodmaassluis.nl\/wp-content\/uploads\/2025\/02\/1.png)\"><\/div>\n\t\t\t\t\t<div class=\"wpr-promo-box-bg-overlay wpr-border-anim-none\"><\/div>\n\t\t\t\t<\/div>\n\t\t\t\t\t\t\n\t\t\t<div class=\"wpr-promo-box-content\">\n\n\t\t\t\t\t\t\t\t<div class=\"wpr-promo-box-icon\">\n\t\t\t\t\t\t\t\t\t<\/div>\n\t\t\t\t\n\t\t\t\t<h3 class=\"wpr-promo-box-title\"><span>Il negozio<\/span><\/h3>\n\t\t\t\t\t\t\t\t\t<div class=\"wpr-promo-box-description\">\n\t\t\t\t\t\t<p><p>Il nostro impegno sociale \u00e8 una parte importante di ci\u00f2 che siamo. Un esempio concreto di ci\u00f2 \u00e8 il nostro negozio.<\/p><\/p>\t\n\t\t\t\t\t<\/div>\t\t\t\t\t\t\n\t\t\t\t\n\t\t\t\t\t\t\t<\/div>\n\n\t\t\t\t\t<\/div>\n\n\t\t\t\t\t\t<\/div>\n\t\t\t\t<\/div>\n\t\t\t\t<div class=\"elementor-element elementor-element-2ef5e71 wpr-promo-box-style-cover elementor-invisible elementor-widget elementor-widget-wpr-promo-box\" data-id=\"2ef5e71\" data-element_type=\"widget\" data-settings=\"{&quot;_animation&quot;:&quot;slideInRight&quot;,&quot;_animation_delay&quot;:100}\" data-widget_type=\"wpr-promo-box.default\">\n\t\t\t\t<div class=\"elementor-widget-container\">\n\t\t\t\t\t\n\t\t<div class=\"wpr-promo-box wpr-animation-wrap\">\n\n\t\t\t\t\t\t<a class=\"wpr-promo-box-link\" href=\"https:\/\/hodmaassluis.nl\/mvo\/\"><\/a>\t\n\t\t\t\t\t\t\t\n\t\t\t\t\t\t\t<div class=\"wpr-promo-box-image\">\n\t\t\t\t\t<div class=\"wpr-promo-box-bg-image wpr-bg-anim-zoom-in wpr-anim-timing-ease-default lazyload\" style=\"background-image:inherit;\" data-bg-image=\"url(https:\/\/hodmaassluis.nl\/wp-content\/uploads\/2025\/02\/3-1.png)\"><\/div>\n\t\t\t\t\t<div class=\"wpr-promo-box-bg-overlay wpr-border-anim-none\"><\/div>\n\t\t\t\t<\/div>\n\t\t\t\t\t\t\n\t\t\t<div class=\"wpr-promo-box-content\">\n\n\t\t\t\t\t\t\t\t<div class=\"wpr-promo-box-icon\">\n\t\t\t\t\t\t\t\t\t<\/div>\n\t\t\t\t\n\t\t\t\t<h3 class=\"wpr-promo-box-title\"><span>Comunit\u00e0<\/span><\/h3>\n\t\t\t\t\t\t\t\t\t<div class=\"wpr-promo-box-description\">\n\t\t\t\t\t\t<p><p>Il nostro coinvolgimento nella comunit\u00e0 locale \u00e8 una parte essenziale di ci\u00f2 che siamo. Una delle nostre iniziative importanti \u00e8 dare una seconda possibilit\u00e0 ai prodotti con una data di scadenza imminente.  <\/p><\/p>\t\n\t\t\t\t\t<\/div>\t\t\t\t\t\t\n\t\t\t\t\n\t\t\t\t\t\t\t<\/div>\n\n\t\t\t\t\t<\/div>\n\n\t\t\t\t\t\t<\/div>\n\t\t\t\t<\/div>\n\t\t\t\t\t<\/div>\n\t\t\t\t<\/div>\n\t\t\t\t\t<\/div>\n\t\t\t\t<\/div>\n\t\t\t\t<\/div>\n\t\t","protected":false},"excerpt":{"rendered":"<p>Chi siamo Passione per l&#8217;artigianato e la qualit\u00e0 In H.O.D. Maassluis commerciamo merci in stock in modo accessibile e semplice. Che si tratti di vendere le tue scorte o di una data di scadenza imminente, sei nel posto giusto per una soluzione rapida. Per i nostri clienti siamo il posto ideale per commercianti e venditori ambulanti che vedono ancora un&#8217;opportunit\u00e0. Famosi per i nostri prezzi. Molti di voi ci conoscono da anni. Il negozio Il nostro impegno sociale \u00e8 una parte importante di ci\u00f2 che siamo. Un esempio concreto di ci\u00f2 \u00e8 il nostro negozio. Comunit\u00e0 Il nostro coinvolgimento nella comunit\u00e0 locale \u00e8 una parte essenziale di ci\u00f2 che siamo. Una delle nostre iniziative importanti \u00e8 dare una seconda possibilit\u00e0 ai prodotti con una data di scadenza imminente.<\/p>\n","protected":false},"author":2,"featured_media":0,"parent":0,"menu_order":0,"comment_status":"closed","ping_status":"closed","template":"elementor_canvas","meta":{"footnotes":""},"class_list":["post-9121","page","type-page","status-publish","hentry"],"yoast_head":"<!-- This site is optimized with the Yoast SEO plugin v26.0 - https:\/\/yoast.com\/wordpress\/plugins\/seo\/ -->\n<title>Chi siamo - HOD Maassluis<\/title>\n<meta name=\"description\" content=\"Benvenuti da HOD Maassluis. Da anni il partner affidabile per i beni in stock in Europa. Ci piacerebbe metterci in contatto con te.\" \/>\n<meta name=\"robots\" content=\"index, follow, max-snippet:-1, max-image-preview:large, max-video-preview:-1\" \/>\n<link rel=\"canonical\" href=\"https:\/\/hodmaassluis.nl\/it\/chi-siamo\/\" \/>\n<meta property=\"og:locale\" content=\"it_IT\" \/>\n<meta property=\"og:type\" content=\"article\" \/>\n<meta property=\"og:title\" content=\"Chi siamo - HOD Maassluis\" \/>\n<meta property=\"og:description\" content=\"Benvenuti da HOD Maassluis. Da anni il partner affidabile per i beni in stock in Europa. Ci piacerebbe metterci in contatto con te.\" \/>\n<meta property=\"og:url\" content=\"https:\/\/hodmaassluis.nl\/it\/chi-siamo\/\" \/>\n<meta property=\"og:site_name\" content=\"HOD Maassluis\" \/>\n<meta property=\"article:modified_time\" content=\"2025-09-24T13:51:44+00:00\" \/>\n<meta name=\"twitter:card\" content=\"summary_large_image\" \/>\n<meta name=\"twitter:label1\" content=\"Tempo di lettura stimato\" \/>\n\t<meta name=\"twitter:data1\" content=\"1 minuto\" \/>\n<script type=\"application\/ld+json\" class=\"yoast-schema-graph\">{\"@context\":\"https:\/\/schema.org\",\"@graph\":[{\"@type\":\"WebPage\",\"@id\":\"https:\/\/hodmaassluis.nl\/it\/chi-siamo\/\",\"url\":\"https:\/\/hodmaassluis.nl\/it\/chi-siamo\/\",\"name\":\"Chi siamo - HOD Maassluis\",\"isPartOf\":{\"@id\":\"https:\/\/hodmaassluis.nl\/#website\"},\"datePublished\":\"2025-02-04T14:05:11+00:00\",\"dateModified\":\"2025-09-24T13:51:44+00:00\",\"description\":\"Benvenuti da HOD Maassluis. Da anni il partner affidabile per i beni in stock in Europa. Ci piacerebbe metterci in contatto con te.\",\"breadcrumb\":{\"@id\":\"https:\/\/hodmaassluis.nl\/it\/chi-siamo\/#breadcrumb\"},\"inLanguage\":\"it-IT\",\"potentialAction\":[{\"@type\":\"ReadAction\",\"target\":[\"https:\/\/hodmaassluis.nl\/it\/chi-siamo\/\"]}]},{\"@type\":\"BreadcrumbList\",\"@id\":\"https:\/\/hodmaassluis.nl\/it\/chi-siamo\/#breadcrumb\",\"itemListElement\":[{\"@type\":\"ListItem\",\"position\":1,\"name\":\"Home\",\"item\":\"https:\/\/hodmaassluis.nl\/it\/benvenuto\/\"},{\"@type\":\"ListItem\",\"position\":2,\"name\":\"Chi siamo\"}]},{\"@type\":\"WebSite\",\"@id\":\"https:\/\/hodmaassluis.nl\/#website\",\"url\":\"https:\/\/hodmaassluis.nl\/\",\"name\":\"HOD Maassluis\",\"description\":\"\",\"potentialAction\":[{\"@type\":\"SearchAction\",\"target\":{\"@type\":\"EntryPoint\",\"urlTemplate\":\"https:\/\/hodmaassluis.nl\/?s={search_term_string}\"},\"query-input\":{\"@type\":\"PropertyValueSpecification\",\"valueRequired\":true,\"valueName\":\"search_term_string\"}}],\"inLanguage\":\"it-IT\"}]}<\/script>\n<!-- \/ Yoast SEO plugin. -->","yoast_head_json":{"title":"Chi siamo - HOD Maassluis","description":"Benvenuti da HOD Maassluis. Da anni il partner affidabile per i beni in stock in Europa. Ci piacerebbe metterci in contatto con te.","robots":{"index":"index","follow":"follow","max-snippet":"max-snippet:-1","max-image-preview":"max-image-preview:large","max-video-preview":"max-video-preview:-1"},"canonical":"https:\/\/hodmaassluis.nl\/it\/chi-siamo\/","og_locale":"it_IT","og_type":"article","og_title":"Chi siamo - HOD Maassluis","og_description":"Benvenuti da HOD Maassluis. Da anni il partner affidabile per i beni in stock in Europa. Ci piacerebbe metterci in contatto con te.","og_url":"https:\/\/hodmaassluis.nl\/it\/chi-siamo\/","og_site_name":"HOD Maassluis","article_modified_time":"2025-09-24T13:51:44+00:00","twitter_card":"summary_large_image","twitter_misc":{"Tempo di lettura stimato":"1 minuto"},"schema":{"@context":"https:\/\/schema.org","@graph":[{"@type":"WebPage","@id":"https:\/\/hodmaassluis.nl\/it\/chi-siamo\/","url":"https:\/\/hodmaassluis.nl\/it\/chi-siamo\/","name":"Chi siamo - HOD Maassluis","isPartOf":{"@id":"https:\/\/hodmaassluis.nl\/#website"},"datePublished":"2025-02-04T14:05:11+00:00","dateModified":"2025-09-24T13:51:44+00:00","description":"Benvenuti da HOD Maassluis. Da anni il partner affidabile per i beni in stock in Europa. Ci piacerebbe metterci in contatto con te.","breadcrumb":{"@id":"https:\/\/hodmaassluis.nl\/it\/chi-siamo\/#breadcrumb"},"inLanguage":"it-IT","potentialAction":[{"@type":"ReadAction","target":["https:\/\/hodmaassluis.nl\/it\/chi-siamo\/"]}]},{"@type":"BreadcrumbList","@id":"https:\/\/hodmaassluis.nl\/it\/chi-siamo\/#breadcrumb","itemListElement":[{"@type":"ListItem","position":1,"name":"Home","item":"https:\/\/hodmaassluis.nl\/it\/benvenuto\/"},{"@type":"ListItem","position":2,"name":"Chi siamo"}]},{"@type":"WebSite","@id":"https:\/\/hodmaassluis.nl\/#website","url":"https:\/\/hodmaassluis.nl\/","name":"HOD Maassluis","description":"","potentialAction":[{"@type":"SearchAction","target":{"@type":"EntryPoint","urlTemplate":"https:\/\/hodmaassluis.nl\/?s={search_term_string}"},"query-input":{"@type":"PropertyValueSpecification","valueRequired":true,"valueName":"search_term_string"}}],"inLanguage":"it-IT"}]}},"jetpack_sharing_enabled":true,"_links":{"self":[{"href":"https:\/\/hodmaassluis.nl\/it\/wp-json\/wp\/v2\/pages\/9121","targetHints":{"allow":["GET"]}}],"collection":[{"href":"https:\/\/hodmaassluis.nl\/it\/wp-json\/wp\/v2\/pages"}],"about":[{"href":"https:\/\/hodmaassluis.nl\/it\/wp-json\/wp\/v2\/types\/page"}],"author":[{"embeddable":true,"href":"https:\/\/hodmaassluis.nl\/it\/wp-json\/wp\/v2\/users\/2"}],"replies":[{"embeddable":true,"href":"https:\/\/hodmaassluis.nl\/it\/wp-json\/wp\/v2\/comments?post=9121"}],"version-history":[{"count":1,"href":"https:\/\/hodmaassluis.nl\/it\/wp-json\/wp\/v2\/pages\/9121\/revisions"}],"predecessor-version":[{"id":9123,"href":"https:\/\/hodmaassluis.nl\/it\/wp-json\/wp\/v2\/pages\/9121\/revisions\/9123"}],"wp:attachment":[{"href":"https:\/\/hodmaassluis.nl\/it\/wp-json\/wp\/v2\/media?parent=9121"}],"curies":[{"name":"wp","href":"https:\/\/api.w.org\/{rel}","templated":true}]}}