{"id":9065,"date":"2025-02-07T08:26:13","date_gmt":"2025-02-07T08:26:13","guid":{"rendered":"https:\/\/hodmaassluis.nl\/informativa-sulla-privacy\/"},"modified":"2025-09-24T13:47:37","modified_gmt":"2025-09-24T13:47:37","slug":"informativa-sulla-privacy","status":"publish","type":"page","link":"https:\/\/hodmaassluis.nl\/it\/informativa-sulla-privacy\/","title":{"rendered":"Informativa sulla privacy"},"content":{"rendered":"\t\t<div data-elementor-type=\"wp-page\" data-elementor-id=\"9065\" class=\"elementor elementor-9065 elementor-8749\">\n\t\t\t\t<div class=\"elementor-element elementor-element-4e53d5c e-flex e-con-boxed wpr-particle-no wpr-jarallax-no wpr-parallax-no wpr-sticky-section-no e-con e-parent\" data-id=\"4e53d5c\" data-element_type=\"container\" data-settings=\"{&quot;background_background&quot;:&quot;classic&quot;}\">\n\t\t\t\t\t<div class=\"e-con-inner\">\n\t\t\t\t<div class=\"elementor-element elementor-element-7719ecd elementor-widget elementor-widget-heading\" data-id=\"7719ecd\" data-element_type=\"widget\" data-widget_type=\"heading.default\">\n\t\t\t\t<div class=\"elementor-widget-container\">\n\t\t\t\t\t<h1 class=\"elementor-heading-title elementor-size-default\">Informativa sulla privacy<\/h1>\t\t\t\t<\/div>\n\t\t\t\t<\/div>\n\t\t\t\t\t<\/div>\n\t\t\t\t<\/div>\n\t\t<div class=\"elementor-element elementor-element-2f5d00d e-flex e-con-boxed wpr-particle-no wpr-jarallax-no wpr-parallax-no wpr-sticky-section-no e-con e-parent\" data-id=\"2f5d00d\" data-element_type=\"container\">\n\t\t\t\t\t<div class=\"e-con-inner\">\n\t\t\t\t<div class=\"elementor-element elementor-element-ac6e0bd elementor-widget elementor-widget-text-editor\" data-id=\"ac6e0bd\" data-element_type=\"widget\" data-widget_type=\"text-editor.default\">\n\t\t\t\t<div class=\"elementor-widget-container\">\n\t\t\t\t\t\t\t\t\t<p><strong>Ultimo aggiornamento: 06\/02\/2025<\/strong><\/p><p>H.O.D. Maassluis attribuisce grande importanza alla privacy dei suoi utenti. In questa informativa sulla privacy spieghiamo quali dati personali raccogliamo, come li utilizziamo e quali diritti hai in relazione ai tuoi dati. <\/p><h3>1. Dati che raccogliamo<\/h3><p>Possiamo raccogliere e trattare i seguenti dati personali:<\/p><ul data-spread=\"false\"><li><p>Nome e dati di contatto (come indirizzo email e numero di telefono)<\/p><\/li><li><p>Indirizzo IP e informazioni del browser<\/p><\/li><li><p>Preferenze utente e interazioni sul sito web<\/p><\/li><li><p>Eventuali altri dati che ci fornisci volontariamente tramite moduli o comunicazioni<\/p><\/li><\/ul><h3>2. Finalit\u00e0 del trattamento dei dati<\/h3><p>Trattiamo i tuoi dati personali per le seguenti finalit\u00e0:<\/p><ul data-spread=\"false\"><li><p>Per offrire e migliorare i nostri servizi<\/p><\/li><li><p>Per il servizio clienti e il supporto<\/p><\/li><li><p>Per analizzare l&#8217;utilizzo del nostro sito web<\/p><\/li><li><p>Per adempiere agli obblighi legali<\/p><\/li><\/ul><h3>3. Periodo di conservazione<\/h3><p>Conserviamo i tuoi dati personali per il tempo strettamente necessario alle finalit\u00e0 sopra indicate, a meno che non siamo legalmente obbligati a conservarli pi\u00f9 a lungo.<\/p><h3>4. Condivisione dei dati con terze parti<\/h3><p>Condividiamo i tuoi dati personali con terze parti solo se ci\u00f2 \u00e8 necessario per l&#8217;esecuzione dei nostri servizi o se siamo legalmente obbligati a farlo. Ci assicuriamo che queste terze parti rispettino la legislazione vigente in materia di privacy. <\/p><h3>5. Cookie e tecnologie di tracciamento<\/h3><p>Il nostro sito web utilizza cookie e tecnologie simili per migliorare l&#8217;esperienza utente e analizzare l&#8217;utilizzo del nostro sito web. Puoi gestire le tue preferenze sui cookie tramite le impostazioni del tuo browser. <\/p><h3>6. Sicurezza dei tuoi dati<\/h3><p>Adottiamo misure tecniche e organizzative adeguate per proteggere i tuoi dati personali da accessi non autorizzati, perdita o uso improprio.<\/p><h3>7. I tuoi diritti<\/h3><p>Hai il diritto di:<\/p><ul data-spread=\"false\"><li><p>Accedere ai tuoi dati personali<\/p><\/li><li><p>Far correggere o cancellare i tuoi dati<\/p><\/li><li><p>Opporti al trattamento dei tuoi dati<\/p><\/li><li><p>Trasferire i tuoi dati a un&#8217;altra parte (portabilit\u00e0 dei dati)<\/p><\/li><\/ul><p>Puoi inviare una richiesta tramite info@hodmaassluis.nl. Risponderemo alla tua richiesta il prima possibile, e comunque entro quattro settimane. <\/p><h3>8. Modifiche a questa informativa sulla privacy<\/h3><p>Ci riserviamo il diritto di modificare questa informativa sulla privacy in qualsiasi momento. Ti consigliamo di controllare regolarmente questa pagina per eventuali aggiornamenti. <\/p><h3>9. Dati di contatto<\/h3><p>Se hai domande su questa informativa sulla privacy, puoi contattarci tramite:<\/p><p>H.O.D. Maassluis<br>info@hodmaassluis.nl<br>010-5997140<br>Nijverheidstraat 2B, 3144 CL Maassluis\u200b<\/p>\t\t\t\t\t\t\t\t<\/div>\n\t\t\t\t<\/div>\n\t\t\t\t\t<\/div>\n\t\t\t\t<\/div>\n\t\t\t\t<\/div>\n\t\t","protected":false},"excerpt":{"rendered":"<p>Informativa sulla privacy Ultimo aggiornamento: 06\/02\/2025 H.O.D. Maassluis attribuisce grande importanza alla privacy dei suoi utenti. In questa informativa sulla privacy spieghiamo quali dati personali raccogliamo, come li utilizziamo e quali diritti hai in relazione ai tuoi dati. 1. Dati che raccogliamo Possiamo raccogliere e trattare i seguenti dati personali: Nome e dati di contatto (come indirizzo email e numero di telefono) Indirizzo IP e informazioni del browser Preferenze utente e interazioni sul sito web Eventuali altri dati che ci fornisci volontariamente tramite moduli o comunicazioni 2. Finalit\u00e0 del trattamento dei dati Trattiamo i tuoi dati personali per le seguenti finalit\u00e0: Per offrire e migliorare i nostri servizi Per il servizio clienti e il supporto Per analizzare l&#8217;utilizzo del nostro sito web Per adempiere agli obblighi legali 3. Periodo di conservazione Conserviamo i tuoi dati personali per il tempo strettamente necessario alle finalit\u00e0 sopra indicate, a meno che non siamo legalmente obbligati a conservarli pi\u00f9 a lungo. 4. Condivisione dei dati con terze parti Condividiamo i tuoi dati personali con terze parti solo se ci\u00f2 \u00e8 necessario per l&#8217;esecuzione dei nostri servizi o se siamo legalmente obbligati a farlo. Ci assicuriamo che queste terze parti rispettino la legislazione vigente in materia di privacy. 5. Cookie e tecnologie di tracciamento Il nostro sito web utilizza cookie e tecnologie simili per migliorare l&#8217;esperienza utente e analizzare l&#8217;utilizzo del nostro sito web. Puoi gestire le tue preferenze sui cookie tramite le impostazioni del tuo browser. 6. Sicurezza dei tuoi dati Adottiamo misure tecniche e organizzative adeguate per proteggere i tuoi dati personali da accessi non autorizzati, perdita o uso improprio. 7. I tuoi diritti Hai il diritto di: Accedere ai tuoi dati personali Far correggere o cancellare i tuoi dati Opporti al trattamento dei tuoi dati Trasferire i tuoi dati a un&#8217;altra parte (portabilit\u00e0 dei dati) Puoi inviare una richiesta tramite info@hodmaassluis.nl. Risponderemo alla tua richiesta il prima possibile, e comunque entro quattro settimane. 8. Modifiche a questa informativa sulla privacy Ci riserviamo il diritto di modificare questa informativa sulla privacy in qualsiasi momento. Ti consigliamo di controllare regolarmente questa pagina per eventuali aggiornamenti. 9. Dati di contatto Se hai domande su questa informativa sulla privacy, puoi contattarci tramite: H.O.D. Maassluisinfo@hodmaassluis.nl010-5997140Nijverheidstraat 2B, 3144 CL Maassluis\u200b<\/p>\n","protected":false},"author":2,"featured_media":0,"parent":0,"menu_order":0,"comment_status":"closed","ping_status":"closed","template":"elementor_canvas","meta":{"footnotes":""},"class_list":["post-9065","page","type-page","status-publish","hentry"],"yoast_head":"<!-- This site is optimized with the Yoast SEO plugin v26.0 - https:\/\/yoast.com\/wordpress\/plugins\/seo\/ -->\n<title>Informativa sulla privacy - HOD Maassluis<\/title>\n<meta name=\"description\" content=\"Benvenuti da HOD Maassluis. Da anni il partner affidabile per i beni in stock in Europa. Non vediamo l&#039;ora di metterci in contatto con te.\" \/>\n<meta name=\"robots\" content=\"index, follow, max-snippet:-1, max-image-preview:large, max-video-preview:-1\" \/>\n<link rel=\"canonical\" href=\"https:\/\/hodmaassluis.nl\/it\/informativa-sulla-privacy\/\" \/>\n<meta property=\"og:locale\" content=\"it_IT\" \/>\n<meta property=\"og:type\" content=\"article\" \/>\n<meta property=\"og:title\" content=\"Informativa sulla privacy - HOD Maassluis\" \/>\n<meta property=\"og:description\" content=\"Benvenuti da HOD Maassluis. Da anni il partner affidabile per i beni in stock in Europa. Non vediamo l&#039;ora di metterci in contatto con te.\" \/>\n<meta property=\"og:url\" content=\"https:\/\/hodmaassluis.nl\/it\/informativa-sulla-privacy\/\" \/>\n<meta property=\"og:site_name\" content=\"HOD Maassluis\" \/>\n<meta property=\"article:modified_time\" content=\"2025-09-24T13:47:37+00:00\" \/>\n<meta name=\"twitter:card\" content=\"summary_large_image\" \/>\n<meta name=\"twitter:label1\" content=\"Tempo di lettura stimato\" \/>\n\t<meta name=\"twitter:data1\" content=\"2 minuti\" \/>\n<script type=\"application\/ld+json\" class=\"yoast-schema-graph\">{\"@context\":\"https:\/\/schema.org\",\"@graph\":[{\"@type\":\"WebPage\",\"@id\":\"https:\/\/hodmaassluis.nl\/it\/informativa-sulla-privacy\/\",\"url\":\"https:\/\/hodmaassluis.nl\/it\/informativa-sulla-privacy\/\",\"name\":\"Informativa sulla privacy - HOD Maassluis\",\"isPartOf\":{\"@id\":\"https:\/\/hodmaassluis.nl\/#website\"},\"datePublished\":\"2025-02-07T08:26:13+00:00\",\"dateModified\":\"2025-09-24T13:47:37+00:00\",\"description\":\"Benvenuti da HOD Maassluis. Da anni il partner affidabile per i beni in stock in Europa. Non vediamo l'ora di metterci in contatto con te.\",\"breadcrumb\":{\"@id\":\"https:\/\/hodmaassluis.nl\/it\/informativa-sulla-privacy\/#breadcrumb\"},\"inLanguage\":\"it-IT\",\"potentialAction\":[{\"@type\":\"ReadAction\",\"target\":[\"https:\/\/hodmaassluis.nl\/it\/informativa-sulla-privacy\/\"]}]},{\"@type\":\"BreadcrumbList\",\"@id\":\"https:\/\/hodmaassluis.nl\/it\/informativa-sulla-privacy\/#breadcrumb\",\"itemListElement\":[{\"@type\":\"ListItem\",\"position\":1,\"name\":\"Home\",\"item\":\"https:\/\/hodmaassluis.nl\/it\/benvenuto\/\"},{\"@type\":\"ListItem\",\"position\":2,\"name\":\"Informativa sulla privacy\"}]},{\"@type\":\"WebSite\",\"@id\":\"https:\/\/hodmaassluis.nl\/#website\",\"url\":\"https:\/\/hodmaassluis.nl\/\",\"name\":\"HOD Maassluis\",\"description\":\"\",\"potentialAction\":[{\"@type\":\"SearchAction\",\"target\":{\"@type\":\"EntryPoint\",\"urlTemplate\":\"https:\/\/hodmaassluis.nl\/?s={search_term_string}\"},\"query-input\":{\"@type\":\"PropertyValueSpecification\",\"valueRequired\":true,\"valueName\":\"search_term_string\"}}],\"inLanguage\":\"it-IT\"}]}<\/script>\n<!-- \/ Yoast SEO plugin. -->","yoast_head_json":{"title":"Informativa sulla privacy - HOD Maassluis","description":"Benvenuti da HOD Maassluis. Da anni il partner affidabile per i beni in stock in Europa. Non vediamo l'ora di metterci in contatto con te.","robots":{"index":"index","follow":"follow","max-snippet":"max-snippet:-1","max-image-preview":"max-image-preview:large","max-video-preview":"max-video-preview:-1"},"canonical":"https:\/\/hodmaassluis.nl\/it\/informativa-sulla-privacy\/","og_locale":"it_IT","og_type":"article","og_title":"Informativa sulla privacy - HOD Maassluis","og_description":"Benvenuti da HOD Maassluis. Da anni il partner affidabile per i beni in stock in Europa. Non vediamo l'ora di metterci in contatto con te.","og_url":"https:\/\/hodmaassluis.nl\/it\/informativa-sulla-privacy\/","og_site_name":"HOD Maassluis","article_modified_time":"2025-09-24T13:47:37+00:00","twitter_card":"summary_large_image","twitter_misc":{"Tempo di lettura stimato":"2 minuti"},"schema":{"@context":"https:\/\/schema.org","@graph":[{"@type":"WebPage","@id":"https:\/\/hodmaassluis.nl\/it\/informativa-sulla-privacy\/","url":"https:\/\/hodmaassluis.nl\/it\/informativa-sulla-privacy\/","name":"Informativa sulla privacy - HOD Maassluis","isPartOf":{"@id":"https:\/\/hodmaassluis.nl\/#website"},"datePublished":"2025-02-07T08:26:13+00:00","dateModified":"2025-09-24T13:47:37+00:00","description":"Benvenuti da HOD Maassluis. Da anni il partner affidabile per i beni in stock in Europa. Non vediamo l'ora di metterci in contatto con te.","breadcrumb":{"@id":"https:\/\/hodmaassluis.nl\/it\/informativa-sulla-privacy\/#breadcrumb"},"inLanguage":"it-IT","potentialAction":[{"@type":"ReadAction","target":["https:\/\/hodmaassluis.nl\/it\/informativa-sulla-privacy\/"]}]},{"@type":"BreadcrumbList","@id":"https:\/\/hodmaassluis.nl\/it\/informativa-sulla-privacy\/#breadcrumb","itemListElement":[{"@type":"ListItem","position":1,"name":"Home","item":"https:\/\/hodmaassluis.nl\/it\/benvenuto\/"},{"@type":"ListItem","position":2,"name":"Informativa sulla privacy"}]},{"@type":"WebSite","@id":"https:\/\/hodmaassluis.nl\/#website","url":"https:\/\/hodmaassluis.nl\/","name":"HOD Maassluis","description":"","potentialAction":[{"@type":"SearchAction","target":{"@type":"EntryPoint","urlTemplate":"https:\/\/hodmaassluis.nl\/?s={search_term_string}"},"query-input":{"@type":"PropertyValueSpecification","valueRequired":true,"valueName":"search_term_string"}}],"inLanguage":"it-IT"}]}},"jetpack_sharing_enabled":true,"_links":{"self":[{"href":"https:\/\/hodmaassluis.nl\/it\/wp-json\/wp\/v2\/pages\/9065","targetHints":{"allow":["GET"]}}],"collection":[{"href":"https:\/\/hodmaassluis.nl\/it\/wp-json\/wp\/v2\/pages"}],"about":[{"href":"https:\/\/hodmaassluis.nl\/it\/wp-json\/wp\/v2\/types\/page"}],"author":[{"embeddable":true,"href":"https:\/\/hodmaassluis.nl\/it\/wp-json\/wp\/v2\/users\/2"}],"replies":[{"embeddable":true,"href":"https:\/\/hodmaassluis.nl\/it\/wp-json\/wp\/v2\/comments?post=9065"}],"version-history":[{"count":1,"href":"https:\/\/hodmaassluis.nl\/it\/wp-json\/wp\/v2\/pages\/9065\/revisions"}],"predecessor-version":[{"id":9066,"href":"https:\/\/hodmaassluis.nl\/it\/wp-json\/wp\/v2\/pages\/9065\/revisions\/9066"}],"wp:attachment":[{"href":"https:\/\/hodmaassluis.nl\/it\/wp-json\/wp\/v2\/media?parent=9065"}],"curies":[{"name":"wp","href":"https:\/\/api.w.org\/{rel}","templated":true}]}}