{"id":9125,"date":"2025-02-04T14:05:11","date_gmt":"2025-02-04T14:05:11","guid":{"rendered":"https:\/\/hodmaassluis.nl\/a-propos-de-nous\/"},"modified":"2025-09-24T13:51:44","modified_gmt":"2025-09-24T13:51:44","slug":"a-propos-de-nous","status":"publish","type":"page","link":"https:\/\/hodmaassluis.nl\/fr\/a-propos-de-nous\/","title":{"rendered":"\u00c0 propos de nous"},"content":{"rendered":"\t\t<div data-elementor-type=\"wp-page\" data-elementor-id=\"9125\" class=\"elementor elementor-9125 elementor-8677\">\n\t\t\t\t<div class=\"elementor-element elementor-element-8030a81 e-flex e-con-boxed wpr-particle-no wpr-jarallax-no wpr-parallax-no wpr-sticky-section-no e-con e-parent\" data-id=\"8030a81\" data-element_type=\"container\" data-settings=\"{&quot;background_background&quot;:&quot;classic&quot;}\">\n\t\t\t\t\t<div class=\"e-con-inner\">\n\t\t\t\t<div class=\"elementor-element elementor-element-9408ba5 elementor-widget elementor-widget-heading\" data-id=\"9408ba5\" data-element_type=\"widget\" data-widget_type=\"heading.default\">\n\t\t\t\t<div class=\"elementor-widget-container\">\n\t\t\t\t\t<h1 class=\"elementor-heading-title elementor-size-default\">\u00c0 propos de nous<\/h1>\t\t\t\t<\/div>\n\t\t\t\t<\/div>\n\t\t\t\t\t<\/div>\n\t\t\t\t<\/div>\n\t\t<div class=\"elementor-element elementor-element-e2c4003 e-flex e-con-boxed wpr-particle-no wpr-jarallax-no wpr-parallax-no wpr-sticky-section-no e-con e-parent\" data-id=\"e2c4003\" data-element_type=\"container\">\n\t\t\t\t\t<div class=\"e-con-inner\">\n\t\t<div class=\"elementor-element elementor-element-3878c15 e-flex e-con-boxed wpr-particle-no wpr-jarallax-no wpr-parallax-no wpr-sticky-section-no elementor-invisible e-con e-child\" data-id=\"3878c15\" data-element_type=\"container\" data-settings=\"{&quot;animation&quot;:&quot;slideInLeft&quot;}\">\n\t\t\t\t\t<div class=\"e-con-inner\">\n\t\t\t\t<div class=\"elementor-element elementor-element-1b719f4 elementor-widget elementor-widget-heading\" data-id=\"1b719f4\" data-element_type=\"widget\" data-widget_type=\"heading.default\">\n\t\t\t\t<div class=\"elementor-widget-container\">\n\t\t\t\t\t<h2 class=\"elementor-heading-title elementor-size-default\">Passion pour l'expertise et la qualit\u00e9<\/h2>\t\t\t\t<\/div>\n\t\t\t\t<\/div>\n\t\t\t\t<div class=\"elementor-element elementor-element-84e7306 elementor-widget elementor-widget-text-editor\" data-id=\"84e7306\" data-element_type=\"widget\" data-widget_type=\"text-editor.default\">\n\t\t\t\t<div class=\"elementor-widget-container\">\n\t\t\t\t\t\t\t\t\t<div class=\"elementor-element elementor-element-84e7306 elementor-widget elementor-widget-text-editor\" data-id=\"84e7306\" data-element_type=\"widget\" data-widget_type=\"text-editor.default\"><div class=\"elementor-widget-container\"><p>Chez H.O.D. Maassluis, nous n\u00e9gocions les lots de marchandises de mani\u00e8re accessible et facile. Que ce soit pour vendre ton stock ou pour une date limite de consommation approchante, tu es \u00e0 la bonne adresse chez nous pour une solution rapide. <\/p><p>Pour nos clients, nous sommes l&rsquo;endroit pour les commer\u00e7ants et les marchands qui voient encore une opportunit\u00e9. Connus pour nos prix. Depuis des ann\u00e9es, beaucoup d&rsquo;entre vous savent nous trouver.   <\/p><\/div><\/div>\t\t\t\t\t\t\t\t<\/div>\n\t\t\t\t<\/div>\n\t\t\t\t\t<\/div>\n\t\t\t\t<\/div>\n\t\t<div class=\"elementor-element elementor-element-3c5575f e-flex e-con-boxed wpr-particle-no wpr-jarallax-no wpr-parallax-no wpr-sticky-section-no elementor-invisible e-con e-child\" data-id=\"3c5575f\" data-element_type=\"container\" data-settings=\"{&quot;animation&quot;:&quot;slideInRight&quot;}\">\n\t\t\t\t\t<div class=\"e-con-inner\">\n\t\t\t\t<div class=\"elementor-element elementor-element-2d81cbc wpr-promo-box-style-cover elementor-invisible elementor-widget elementor-widget-wpr-promo-box\" data-id=\"2d81cbc\" data-element_type=\"widget\" data-settings=\"{&quot;_animation&quot;:&quot;slideInRight&quot;,&quot;_animation_delay&quot;:100}\" data-widget_type=\"wpr-promo-box.default\">\n\t\t\t\t<div class=\"elementor-widget-container\">\n\t\t\t\t\t\n\t\t<div class=\"wpr-promo-box wpr-animation-wrap\">\n\n\t\t\t\t\t\t<a class=\"wpr-promo-box-link\" href=\"https:\/\/hodmaassluis.nl\/de-winkel\/\"><\/a>\t\n\t\t\t\t\t\t\t\n\t\t\t\t\t\t\t<div class=\"wpr-promo-box-image\">\n\t\t\t\t\t<div class=\"wpr-promo-box-bg-image wpr-bg-anim-zoom-in wpr-anim-timing-ease-default lazyload\" style=\"background-image:inherit;\" data-bg-image=\"url(https:\/\/hodmaassluis.nl\/wp-content\/uploads\/2025\/02\/1.png)\"><\/div>\n\t\t\t\t\t<div class=\"wpr-promo-box-bg-overlay wpr-border-anim-none\"><\/div>\n\t\t\t\t<\/div>\n\t\t\t\t\t\t\n\t\t\t<div class=\"wpr-promo-box-content\">\n\n\t\t\t\t\t\t\t\t<div class=\"wpr-promo-box-icon\">\n\t\t\t\t\t\t\t\t\t<\/div>\n\t\t\t\t\n\t\t\t\t<h3 class=\"wpr-promo-box-title\"><span>La Boutique<\/span><\/h3>\n\t\t\t\t\t\t\t\t\t<div class=\"wpr-promo-box-description\">\n\t\t\t\t\t\t<p><p>Notre engagement social constitue une part importante de notre identit\u00e9. Notre magasin en est un exemple concret. <\/p><\/p>\t\n\t\t\t\t\t<\/div>\t\t\t\t\t\t\n\t\t\t\t\n\t\t\t\t\t\t\t<\/div>\n\n\t\t\t\t\t<\/div>\n\n\t\t\t\t\t\t<\/div>\n\t\t\t\t<\/div>\n\t\t\t\t<div class=\"elementor-element elementor-element-2ef5e71 wpr-promo-box-style-cover elementor-invisible elementor-widget elementor-widget-wpr-promo-box\" data-id=\"2ef5e71\" data-element_type=\"widget\" data-settings=\"{&quot;_animation&quot;:&quot;slideInRight&quot;,&quot;_animation_delay&quot;:100}\" data-widget_type=\"wpr-promo-box.default\">\n\t\t\t\t<div class=\"elementor-widget-container\">\n\t\t\t\t\t\n\t\t<div class=\"wpr-promo-box wpr-animation-wrap\">\n\n\t\t\t\t\t\t<a class=\"wpr-promo-box-link\" href=\"https:\/\/hodmaassluis.nl\/mvo\/\"><\/a>\t\n\t\t\t\t\t\t\t\n\t\t\t\t\t\t\t<div class=\"wpr-promo-box-image\">\n\t\t\t\t\t<div class=\"wpr-promo-box-bg-image wpr-bg-anim-zoom-in wpr-anim-timing-ease-default lazyload\" style=\"background-image:inherit;\" data-bg-image=\"url(https:\/\/hodmaassluis.nl\/wp-content\/uploads\/2025\/02\/3-1.png)\"><\/div>\n\t\t\t\t\t<div class=\"wpr-promo-box-bg-overlay wpr-border-anim-none\"><\/div>\n\t\t\t\t<\/div>\n\t\t\t\t\t\t\n\t\t\t<div class=\"wpr-promo-box-content\">\n\n\t\t\t\t\t\t\t\t<div class=\"wpr-promo-box-icon\">\n\t\t\t\t\t\t\t\t\t<\/div>\n\t\t\t\t\n\t\t\t\t<h3 class=\"wpr-promo-box-title\"><span>Soci\u00e9t\u00e9<\/span><\/h3>\n\t\t\t\t\t\t\t\t\t<div class=\"wpr-promo-box-description\">\n\t\t\t\t\t\t<p><p>Notre engagement envers la communaut\u00e9 locale est une partie essentielle de notre identit\u00e9. L'une de nos initiatives importantes est de donner une seconde chance aux produits dont la date limite de consommation approche.  <\/p><\/p>\t\n\t\t\t\t\t<\/div>\t\t\t\t\t\t\n\t\t\t\t\n\t\t\t\t\t\t\t<\/div>\n\n\t\t\t\t\t<\/div>\n\n\t\t\t\t\t\t<\/div>\n\t\t\t\t<\/div>\n\t\t\t\t\t<\/div>\n\t\t\t\t<\/div>\n\t\t\t\t\t<\/div>\n\t\t\t\t<\/div>\n\t\t\t\t<\/div>\n\t\t","protected":false},"excerpt":{"rendered":"<p>\u00c0 propos de nous Passion pour l&rsquo;expertise et la qualit\u00e9 Chez H.O.D. Maassluis, nous n\u00e9gocions les lots de marchandises de mani\u00e8re accessible et facile. Que ce soit pour vendre ton stock ou pour une date limite de consommation approchante, tu es \u00e0 la bonne adresse chez nous pour une solution rapide. Pour nos clients, nous sommes l&rsquo;endroit pour les commer\u00e7ants et les marchands qui voient encore une opportunit\u00e9. Connus pour nos prix. Depuis des ann\u00e9es, beaucoup d&rsquo;entre vous savent nous trouver. La Boutique Notre engagement social constitue une part importante de notre identit\u00e9. Notre magasin en est un exemple concret. Soci\u00e9t\u00e9 Notre engagement envers la communaut\u00e9 locale est une partie essentielle de notre identit\u00e9. L&rsquo;une de nos initiatives importantes est de donner une seconde chance aux produits dont la date limite de consommation approche.<\/p>\n","protected":false},"author":2,"featured_media":0,"parent":0,"menu_order":0,"comment_status":"closed","ping_status":"closed","template":"elementor_canvas","meta":{"footnotes":""},"class_list":["post-9125","page","type-page","status-publish","hentry"],"yoast_head":"<!-- This site is optimized with the Yoast SEO plugin v26.0 - https:\/\/yoast.com\/wordpress\/plugins\/seo\/ -->\n<title>\u00c0 propos de nous - HOD Maassluis<\/title>\n<meta name=\"description\" content=\"Bienvenue chez HOD Maassluis. Depuis des ann\u00e9es, le partenaire fiable pour les lots de marchandises en Europe. Nous aimerions entrer en contact avec toi.\" \/>\n<meta name=\"robots\" content=\"index, follow, max-snippet:-1, max-image-preview:large, max-video-preview:-1\" \/>\n<link rel=\"canonical\" href=\"https:\/\/hodmaassluis.nl\/fr\/a-propos-de-nous\/\" \/>\n<meta property=\"og:locale\" content=\"fr_FR\" \/>\n<meta property=\"og:type\" content=\"article\" \/>\n<meta property=\"og:title\" content=\"\u00c0 propos de nous - HOD Maassluis\" \/>\n<meta property=\"og:description\" content=\"Bienvenue chez HOD Maassluis. Depuis des ann\u00e9es, le partenaire fiable pour les lots de marchandises en Europe. Nous aimerions entrer en contact avec toi.\" \/>\n<meta property=\"og:url\" content=\"https:\/\/hodmaassluis.nl\/fr\/a-propos-de-nous\/\" \/>\n<meta property=\"og:site_name\" content=\"HOD Maassluis\" \/>\n<meta property=\"article:modified_time\" content=\"2025-09-24T13:51:44+00:00\" \/>\n<meta name=\"twitter:card\" content=\"summary_large_image\" \/>\n<meta name=\"twitter:label1\" content=\"Dur\u00e9e de lecture estim\u00e9e\" \/>\n\t<meta name=\"twitter:data1\" content=\"1 minute\" \/>\n<script type=\"application\/ld+json\" class=\"yoast-schema-graph\">{\"@context\":\"https:\/\/schema.org\",\"@graph\":[{\"@type\":\"WebPage\",\"@id\":\"https:\/\/hodmaassluis.nl\/fr\/a-propos-de-nous\/\",\"url\":\"https:\/\/hodmaassluis.nl\/fr\/a-propos-de-nous\/\",\"name\":\"\u00c0 propos de nous - HOD Maassluis\",\"isPartOf\":{\"@id\":\"https:\/\/hodmaassluis.nl\/#website\"},\"datePublished\":\"2025-02-04T14:05:11+00:00\",\"dateModified\":\"2025-09-24T13:51:44+00:00\",\"description\":\"Bienvenue chez HOD Maassluis. Depuis des ann\u00e9es, le partenaire fiable pour les lots de marchandises en Europe. Nous aimerions entrer en contact avec toi.\",\"breadcrumb\":{\"@id\":\"https:\/\/hodmaassluis.nl\/fr\/a-propos-de-nous\/#breadcrumb\"},\"inLanguage\":\"fr-FR\",\"potentialAction\":[{\"@type\":\"ReadAction\",\"target\":[\"https:\/\/hodmaassluis.nl\/fr\/a-propos-de-nous\/\"]}]},{\"@type\":\"BreadcrumbList\",\"@id\":\"https:\/\/hodmaassluis.nl\/fr\/a-propos-de-nous\/#breadcrumb\",\"itemListElement\":[{\"@type\":\"ListItem\",\"position\":1,\"name\":\"Home\",\"item\":\"https:\/\/hodmaassluis.nl\/fr\/bienvenue\/\"},{\"@type\":\"ListItem\",\"position\":2,\"name\":\"\u00c0 propos de nous\"}]},{\"@type\":\"WebSite\",\"@id\":\"https:\/\/hodmaassluis.nl\/#website\",\"url\":\"https:\/\/hodmaassluis.nl\/\",\"name\":\"HOD Maassluis\",\"description\":\"\",\"potentialAction\":[{\"@type\":\"SearchAction\",\"target\":{\"@type\":\"EntryPoint\",\"urlTemplate\":\"https:\/\/hodmaassluis.nl\/?s={search_term_string}\"},\"query-input\":{\"@type\":\"PropertyValueSpecification\",\"valueRequired\":true,\"valueName\":\"search_term_string\"}}],\"inLanguage\":\"fr-FR\"}]}<\/script>\n<!-- \/ Yoast SEO plugin. -->","yoast_head_json":{"title":"\u00c0 propos de nous - HOD Maassluis","description":"Bienvenue chez HOD Maassluis. Depuis des ann\u00e9es, le partenaire fiable pour les lots de marchandises en Europe. Nous aimerions entrer en contact avec toi.","robots":{"index":"index","follow":"follow","max-snippet":"max-snippet:-1","max-image-preview":"max-image-preview:large","max-video-preview":"max-video-preview:-1"},"canonical":"https:\/\/hodmaassluis.nl\/fr\/a-propos-de-nous\/","og_locale":"fr_FR","og_type":"article","og_title":"\u00c0 propos de nous - HOD Maassluis","og_description":"Bienvenue chez HOD Maassluis. Depuis des ann\u00e9es, le partenaire fiable pour les lots de marchandises en Europe. Nous aimerions entrer en contact avec toi.","og_url":"https:\/\/hodmaassluis.nl\/fr\/a-propos-de-nous\/","og_site_name":"HOD Maassluis","article_modified_time":"2025-09-24T13:51:44+00:00","twitter_card":"summary_large_image","twitter_misc":{"Dur\u00e9e de lecture estim\u00e9e":"1 minute"},"schema":{"@context":"https:\/\/schema.org","@graph":[{"@type":"WebPage","@id":"https:\/\/hodmaassluis.nl\/fr\/a-propos-de-nous\/","url":"https:\/\/hodmaassluis.nl\/fr\/a-propos-de-nous\/","name":"\u00c0 propos de nous - HOD Maassluis","isPartOf":{"@id":"https:\/\/hodmaassluis.nl\/#website"},"datePublished":"2025-02-04T14:05:11+00:00","dateModified":"2025-09-24T13:51:44+00:00","description":"Bienvenue chez HOD Maassluis. Depuis des ann\u00e9es, le partenaire fiable pour les lots de marchandises en Europe. Nous aimerions entrer en contact avec toi.","breadcrumb":{"@id":"https:\/\/hodmaassluis.nl\/fr\/a-propos-de-nous\/#breadcrumb"},"inLanguage":"fr-FR","potentialAction":[{"@type":"ReadAction","target":["https:\/\/hodmaassluis.nl\/fr\/a-propos-de-nous\/"]}]},{"@type":"BreadcrumbList","@id":"https:\/\/hodmaassluis.nl\/fr\/a-propos-de-nous\/#breadcrumb","itemListElement":[{"@type":"ListItem","position":1,"name":"Home","item":"https:\/\/hodmaassluis.nl\/fr\/bienvenue\/"},{"@type":"ListItem","position":2,"name":"\u00c0 propos de nous"}]},{"@type":"WebSite","@id":"https:\/\/hodmaassluis.nl\/#website","url":"https:\/\/hodmaassluis.nl\/","name":"HOD Maassluis","description":"","potentialAction":[{"@type":"SearchAction","target":{"@type":"EntryPoint","urlTemplate":"https:\/\/hodmaassluis.nl\/?s={search_term_string}"},"query-input":{"@type":"PropertyValueSpecification","valueRequired":true,"valueName":"search_term_string"}}],"inLanguage":"fr-FR"}]}},"jetpack_sharing_enabled":true,"_links":{"self":[{"href":"https:\/\/hodmaassluis.nl\/fr\/wp-json\/wp\/v2\/pages\/9125","targetHints":{"allow":["GET"]}}],"collection":[{"href":"https:\/\/hodmaassluis.nl\/fr\/wp-json\/wp\/v2\/pages"}],"about":[{"href":"https:\/\/hodmaassluis.nl\/fr\/wp-json\/wp\/v2\/types\/page"}],"author":[{"embeddable":true,"href":"https:\/\/hodmaassluis.nl\/fr\/wp-json\/wp\/v2\/users\/2"}],"replies":[{"embeddable":true,"href":"https:\/\/hodmaassluis.nl\/fr\/wp-json\/wp\/v2\/comments?post=9125"}],"version-history":[{"count":1,"href":"https:\/\/hodmaassluis.nl\/fr\/wp-json\/wp\/v2\/pages\/9125\/revisions"}],"predecessor-version":[{"id":9127,"href":"https:\/\/hodmaassluis.nl\/fr\/wp-json\/wp\/v2\/pages\/9125\/revisions\/9127"}],"wp:attachment":[{"href":"https:\/\/hodmaassluis.nl\/fr\/wp-json\/wp\/v2\/media?parent=9125"}],"curies":[{"name":"wp","href":"https:\/\/api.w.org\/{rel}","templated":true}]}}