{"id":9129,"date":"2025-02-04T14:05:11","date_gmt":"2025-02-04T14:05:11","guid":{"rendered":"https:\/\/hodmaassluis.nl\/sobre-nosotros\/"},"modified":"2025-09-24T13:51:44","modified_gmt":"2025-09-24T13:51:44","slug":"sobre-nosotros","status":"publish","type":"page","link":"https:\/\/hodmaassluis.nl\/es\/sobre-nosotros\/","title":{"rendered":"Sobre nosotros"},"content":{"rendered":"\t\t<div data-elementor-type=\"wp-page\" data-elementor-id=\"9129\" class=\"elementor elementor-9129 elementor-8677\">\n\t\t\t\t<div class=\"elementor-element elementor-element-8030a81 e-flex e-con-boxed wpr-particle-no wpr-jarallax-no wpr-parallax-no wpr-sticky-section-no e-con e-parent\" data-id=\"8030a81\" data-element_type=\"container\" data-settings=\"{&quot;background_background&quot;:&quot;classic&quot;}\">\n\t\t\t\t\t<div class=\"e-con-inner\">\n\t\t\t\t<div class=\"elementor-element elementor-element-9408ba5 elementor-widget elementor-widget-heading\" data-id=\"9408ba5\" data-element_type=\"widget\" data-widget_type=\"heading.default\">\n\t\t\t\t<div class=\"elementor-widget-container\">\n\t\t\t\t\t<h1 class=\"elementor-heading-title elementor-size-default\">Sobre nosotros<\/h1>\t\t\t\t<\/div>\n\t\t\t\t<\/div>\n\t\t\t\t\t<\/div>\n\t\t\t\t<\/div>\n\t\t<div class=\"elementor-element elementor-element-e2c4003 e-flex e-con-boxed wpr-particle-no wpr-jarallax-no wpr-parallax-no wpr-sticky-section-no e-con e-parent\" data-id=\"e2c4003\" data-element_type=\"container\">\n\t\t\t\t\t<div class=\"e-con-inner\">\n\t\t<div class=\"elementor-element elementor-element-3878c15 e-flex e-con-boxed wpr-particle-no wpr-jarallax-no wpr-parallax-no wpr-sticky-section-no elementor-invisible e-con e-child\" data-id=\"3878c15\" data-element_type=\"container\" data-settings=\"{&quot;animation&quot;:&quot;slideInLeft&quot;}\">\n\t\t\t\t\t<div class=\"e-con-inner\">\n\t\t\t\t<div class=\"elementor-element elementor-element-1b719f4 elementor-widget elementor-widget-heading\" data-id=\"1b719f4\" data-element_type=\"widget\" data-widget_type=\"heading.default\">\n\t\t\t\t<div class=\"elementor-widget-container\">\n\t\t\t\t\t<h2 class=\"elementor-heading-title elementor-size-default\">Pasi\u00f3n por la artesan\u00eda y la calidad<\/h2>\t\t\t\t<\/div>\n\t\t\t\t<\/div>\n\t\t\t\t<div class=\"elementor-element elementor-element-84e7306 elementor-widget elementor-widget-text-editor\" data-id=\"84e7306\" data-element_type=\"widget\" data-widget_type=\"text-editor.default\">\n\t\t\t\t<div class=\"elementor-widget-container\">\n\t\t\t\t\t\t\t\t\t<div class=\"elementor-element elementor-element-84e7306 elementor-widget elementor-widget-text-editor\" data-id=\"84e7306\" data-element_type=\"widget\" data-widget_type=\"text-editor.default\"><div class=\"elementor-widget-container\"><p>En H.O.D. Maassluis, comerciamos con productos de lote de una manera accesible y sencilla. Ya sea que se trate de vender su stock o una fecha de caducidad pr\u00f3xima, est\u00e1 en el lugar correcto para una soluci\u00f3n r\u00e1pida. <\/p><p>Para nuestros clientes, somos el lugar para comerciantes y vendedores del mercado que todav\u00eda ven una oportunidad. Conocido por nuestros precios. Muchos de vosotros nos encontr\u00e1is desde hace a\u00f1os.   <\/p><\/div><\/div>\t\t\t\t\t\t\t\t<\/div>\n\t\t\t\t<\/div>\n\t\t\t\t\t<\/div>\n\t\t\t\t<\/div>\n\t\t<div class=\"elementor-element elementor-element-3c5575f e-flex e-con-boxed wpr-particle-no wpr-jarallax-no wpr-parallax-no wpr-sticky-section-no elementor-invisible e-con e-child\" data-id=\"3c5575f\" data-element_type=\"container\" data-settings=\"{&quot;animation&quot;:&quot;slideInRight&quot;}\">\n\t\t\t\t\t<div class=\"e-con-inner\">\n\t\t\t\t<div class=\"elementor-element elementor-element-2d81cbc wpr-promo-box-style-cover elementor-invisible elementor-widget elementor-widget-wpr-promo-box\" data-id=\"2d81cbc\" data-element_type=\"widget\" data-settings=\"{&quot;_animation&quot;:&quot;slideInRight&quot;,&quot;_animation_delay&quot;:100}\" data-widget_type=\"wpr-promo-box.default\">\n\t\t\t\t<div class=\"elementor-widget-container\">\n\t\t\t\t\t\n\t\t<div class=\"wpr-promo-box wpr-animation-wrap\">\n\n\t\t\t\t\t\t<a class=\"wpr-promo-box-link\" href=\"https:\/\/hodmaassluis.nl\/de-winkel\/\"><\/a>\t\n\t\t\t\t\t\t\t\n\t\t\t\t\t\t\t<div class=\"wpr-promo-box-image\">\n\t\t\t\t\t<div class=\"wpr-promo-box-bg-image wpr-bg-anim-zoom-in wpr-anim-timing-ease-default lazyload\" style=\"background-image:inherit;\" data-bg-image=\"url(https:\/\/hodmaassluis.nl\/wp-content\/uploads\/2025\/02\/1.png)\"><\/div>\n\t\t\t\t\t<div class=\"wpr-promo-box-bg-overlay wpr-border-anim-none\"><\/div>\n\t\t\t\t<\/div>\n\t\t\t\t\t\t\n\t\t\t<div class=\"wpr-promo-box-content\">\n\n\t\t\t\t\t\t\t\t<div class=\"wpr-promo-box-icon\">\n\t\t\t\t\t\t\t\t\t<\/div>\n\t\t\t\t\n\t\t\t\t<h3 class=\"wpr-promo-box-title\"><span>La Tienda<\/span><\/h3>\n\t\t\t\t\t\t\t\t\t<div class=\"wpr-promo-box-description\">\n\t\t\t\t\t\t<p><p>Nuestro compromiso social es una parte importante de lo que somos. Un ejemplo concreto de esto es nuestra tienda. <\/p><\/p>\t\n\t\t\t\t\t<\/div>\t\t\t\t\t\t\n\t\t\t\t\n\t\t\t\t\t\t\t<\/div>\n\n\t\t\t\t\t<\/div>\n\n\t\t\t\t\t\t<\/div>\n\t\t\t\t<\/div>\n\t\t\t\t<div class=\"elementor-element elementor-element-2ef5e71 wpr-promo-box-style-cover elementor-invisible elementor-widget elementor-widget-wpr-promo-box\" data-id=\"2ef5e71\" data-element_type=\"widget\" data-settings=\"{&quot;_animation&quot;:&quot;slideInRight&quot;,&quot;_animation_delay&quot;:100}\" data-widget_type=\"wpr-promo-box.default\">\n\t\t\t\t<div class=\"elementor-widget-container\">\n\t\t\t\t\t\n\t\t<div class=\"wpr-promo-box wpr-animation-wrap\">\n\n\t\t\t\t\t\t<a class=\"wpr-promo-box-link\" href=\"https:\/\/hodmaassluis.nl\/mvo\/\"><\/a>\t\n\t\t\t\t\t\t\t\n\t\t\t\t\t\t\t<div class=\"wpr-promo-box-image\">\n\t\t\t\t\t<div class=\"wpr-promo-box-bg-image wpr-bg-anim-zoom-in wpr-anim-timing-ease-default lazyload\" style=\"background-image:inherit;\" data-bg-image=\"url(https:\/\/hodmaassluis.nl\/wp-content\/uploads\/2025\/02\/3-1.png)\"><\/div>\n\t\t\t\t\t<div class=\"wpr-promo-box-bg-overlay wpr-border-anim-none\"><\/div>\n\t\t\t\t<\/div>\n\t\t\t\t\t\t\n\t\t\t<div class=\"wpr-promo-box-content\">\n\n\t\t\t\t\t\t\t\t<div class=\"wpr-promo-box-icon\">\n\t\t\t\t\t\t\t\t\t<\/div>\n\t\t\t\t\n\t\t\t\t<h3 class=\"wpr-promo-box-title\"><span>Sociedad<\/span><\/h3>\n\t\t\t\t\t\t\t\t\t<div class=\"wpr-promo-box-description\">\n\t\t\t\t\t\t<p><p>Nuestro compromiso con la comunidad local es una parte esencial de lo que somos. Una de nuestras iniciativas importantes es dar una segunda oportunidad a los productos con fecha de caducidad pr\u00f3xima.  <\/p><\/p>\t\n\t\t\t\t\t<\/div>\t\t\t\t\t\t\n\t\t\t\t\n\t\t\t\t\t\t\t<\/div>\n\n\t\t\t\t\t<\/div>\n\n\t\t\t\t\t\t<\/div>\n\t\t\t\t<\/div>\n\t\t\t\t\t<\/div>\n\t\t\t\t<\/div>\n\t\t\t\t\t<\/div>\n\t\t\t\t<\/div>\n\t\t\t\t<\/div>\n\t\t","protected":false},"excerpt":{"rendered":"<p>Sobre nosotros Pasi\u00f3n por la artesan\u00eda y la calidad En H.O.D. Maassluis, comerciamos con productos de lote de una manera accesible y sencilla. Ya sea que se trate de vender su stock o una fecha de caducidad pr\u00f3xima, est\u00e1 en el lugar correcto para una soluci\u00f3n r\u00e1pida. Para nuestros clientes, somos el lugar para comerciantes y vendedores del mercado que todav\u00eda ven una oportunidad. Conocido por nuestros precios. Muchos de vosotros nos encontr\u00e1is desde hace a\u00f1os. La Tienda Nuestro compromiso social es una parte importante de lo que somos. Un ejemplo concreto de esto es nuestra tienda. Sociedad Nuestro compromiso con la comunidad local es una parte esencial de lo que somos. Una de nuestras iniciativas importantes es dar una segunda oportunidad a los productos con fecha de caducidad pr\u00f3xima.<\/p>\n","protected":false},"author":2,"featured_media":0,"parent":0,"menu_order":0,"comment_status":"closed","ping_status":"closed","template":"elementor_canvas","meta":{"footnotes":""},"class_list":["post-9129","page","type-page","status-publish","hentry"],"yoast_head":"<!-- This site is optimized with the Yoast SEO plugin v26.0 - https:\/\/yoast.com\/wordpress\/plugins\/seo\/ -->\n<title>Sobre nosotros - HOD Maassluis<\/title>\n<meta name=\"description\" content=\"Bienvenido a HOD Maassluis. Desde hace a\u00f1os, el socio de confianza para productos de lote en Europa. Nos encantar\u00eda ponernos en contacto contigo.\" \/>\n<meta name=\"robots\" content=\"index, follow, max-snippet:-1, max-image-preview:large, max-video-preview:-1\" \/>\n<link rel=\"canonical\" href=\"https:\/\/hodmaassluis.nl\/es\/sobre-nosotros\/\" \/>\n<meta property=\"og:locale\" content=\"es_ES\" \/>\n<meta property=\"og:type\" content=\"article\" \/>\n<meta property=\"og:title\" content=\"Sobre nosotros - HOD Maassluis\" \/>\n<meta property=\"og:description\" content=\"Bienvenido a HOD Maassluis. Desde hace a\u00f1os, el socio de confianza para productos de lote en Europa. Nos encantar\u00eda ponernos en contacto contigo.\" \/>\n<meta property=\"og:url\" content=\"https:\/\/hodmaassluis.nl\/es\/sobre-nosotros\/\" \/>\n<meta property=\"og:site_name\" content=\"HOD Maassluis\" \/>\n<meta property=\"article:modified_time\" content=\"2025-09-24T13:51:44+00:00\" \/>\n<meta name=\"twitter:card\" content=\"summary_large_image\" \/>\n<meta name=\"twitter:label1\" content=\"Tiempo de lectura\" \/>\n\t<meta name=\"twitter:data1\" content=\"1 minuto\" \/>\n<script type=\"application\/ld+json\" class=\"yoast-schema-graph\">{\"@context\":\"https:\/\/schema.org\",\"@graph\":[{\"@type\":\"WebPage\",\"@id\":\"https:\/\/hodmaassluis.nl\/es\/sobre-nosotros\/\",\"url\":\"https:\/\/hodmaassluis.nl\/es\/sobre-nosotros\/\",\"name\":\"Sobre nosotros - HOD Maassluis\",\"isPartOf\":{\"@id\":\"https:\/\/hodmaassluis.nl\/#website\"},\"datePublished\":\"2025-02-04T14:05:11+00:00\",\"dateModified\":\"2025-09-24T13:51:44+00:00\",\"description\":\"Bienvenido a HOD Maassluis. Desde hace a\u00f1os, el socio de confianza para productos de lote en Europa. Nos encantar\u00eda ponernos en contacto contigo.\",\"breadcrumb\":{\"@id\":\"https:\/\/hodmaassluis.nl\/es\/sobre-nosotros\/#breadcrumb\"},\"inLanguage\":\"es\",\"potentialAction\":[{\"@type\":\"ReadAction\",\"target\":[\"https:\/\/hodmaassluis.nl\/es\/sobre-nosotros\/\"]}]},{\"@type\":\"BreadcrumbList\",\"@id\":\"https:\/\/hodmaassluis.nl\/es\/sobre-nosotros\/#breadcrumb\",\"itemListElement\":[{\"@type\":\"ListItem\",\"position\":1,\"name\":\"Home\",\"item\":\"https:\/\/hodmaassluis.nl\/es\/bienvenido\/\"},{\"@type\":\"ListItem\",\"position\":2,\"name\":\"Sobre nosotros\"}]},{\"@type\":\"WebSite\",\"@id\":\"https:\/\/hodmaassluis.nl\/#website\",\"url\":\"https:\/\/hodmaassluis.nl\/\",\"name\":\"HOD Maassluis\",\"description\":\"\",\"potentialAction\":[{\"@type\":\"SearchAction\",\"target\":{\"@type\":\"EntryPoint\",\"urlTemplate\":\"https:\/\/hodmaassluis.nl\/?s={search_term_string}\"},\"query-input\":{\"@type\":\"PropertyValueSpecification\",\"valueRequired\":true,\"valueName\":\"search_term_string\"}}],\"inLanguage\":\"es\"}]}<\/script>\n<!-- \/ Yoast SEO plugin. -->","yoast_head_json":{"title":"Sobre nosotros - HOD Maassluis","description":"Bienvenido a HOD Maassluis. Desde hace a\u00f1os, el socio de confianza para productos de lote en Europa. Nos encantar\u00eda ponernos en contacto contigo.","robots":{"index":"index","follow":"follow","max-snippet":"max-snippet:-1","max-image-preview":"max-image-preview:large","max-video-preview":"max-video-preview:-1"},"canonical":"https:\/\/hodmaassluis.nl\/es\/sobre-nosotros\/","og_locale":"es_ES","og_type":"article","og_title":"Sobre nosotros - HOD Maassluis","og_description":"Bienvenido a HOD Maassluis. Desde hace a\u00f1os, el socio de confianza para productos de lote en Europa. Nos encantar\u00eda ponernos en contacto contigo.","og_url":"https:\/\/hodmaassluis.nl\/es\/sobre-nosotros\/","og_site_name":"HOD Maassluis","article_modified_time":"2025-09-24T13:51:44+00:00","twitter_card":"summary_large_image","twitter_misc":{"Tiempo de lectura":"1 minuto"},"schema":{"@context":"https:\/\/schema.org","@graph":[{"@type":"WebPage","@id":"https:\/\/hodmaassluis.nl\/es\/sobre-nosotros\/","url":"https:\/\/hodmaassluis.nl\/es\/sobre-nosotros\/","name":"Sobre nosotros - HOD Maassluis","isPartOf":{"@id":"https:\/\/hodmaassluis.nl\/#website"},"datePublished":"2025-02-04T14:05:11+00:00","dateModified":"2025-09-24T13:51:44+00:00","description":"Bienvenido a HOD Maassluis. Desde hace a\u00f1os, el socio de confianza para productos de lote en Europa. Nos encantar\u00eda ponernos en contacto contigo.","breadcrumb":{"@id":"https:\/\/hodmaassluis.nl\/es\/sobre-nosotros\/#breadcrumb"},"inLanguage":"es","potentialAction":[{"@type":"ReadAction","target":["https:\/\/hodmaassluis.nl\/es\/sobre-nosotros\/"]}]},{"@type":"BreadcrumbList","@id":"https:\/\/hodmaassluis.nl\/es\/sobre-nosotros\/#breadcrumb","itemListElement":[{"@type":"ListItem","position":1,"name":"Home","item":"https:\/\/hodmaassluis.nl\/es\/bienvenido\/"},{"@type":"ListItem","position":2,"name":"Sobre nosotros"}]},{"@type":"WebSite","@id":"https:\/\/hodmaassluis.nl\/#website","url":"https:\/\/hodmaassluis.nl\/","name":"HOD Maassluis","description":"","potentialAction":[{"@type":"SearchAction","target":{"@type":"EntryPoint","urlTemplate":"https:\/\/hodmaassluis.nl\/?s={search_term_string}"},"query-input":{"@type":"PropertyValueSpecification","valueRequired":true,"valueName":"search_term_string"}}],"inLanguage":"es"}]}},"jetpack_sharing_enabled":true,"_links":{"self":[{"href":"https:\/\/hodmaassluis.nl\/es\/wp-json\/wp\/v2\/pages\/9129","targetHints":{"allow":["GET"]}}],"collection":[{"href":"https:\/\/hodmaassluis.nl\/es\/wp-json\/wp\/v2\/pages"}],"about":[{"href":"https:\/\/hodmaassluis.nl\/es\/wp-json\/wp\/v2\/types\/page"}],"author":[{"embeddable":true,"href":"https:\/\/hodmaassluis.nl\/es\/wp-json\/wp\/v2\/users\/2"}],"replies":[{"embeddable":true,"href":"https:\/\/hodmaassluis.nl\/es\/wp-json\/wp\/v2\/comments?post=9129"}],"version-history":[{"count":1,"href":"https:\/\/hodmaassluis.nl\/es\/wp-json\/wp\/v2\/pages\/9129\/revisions"}],"predecessor-version":[{"id":9131,"href":"https:\/\/hodmaassluis.nl\/es\/wp-json\/wp\/v2\/pages\/9129\/revisions\/9131"}],"wp:attachment":[{"href":"https:\/\/hodmaassluis.nl\/es\/wp-json\/wp\/v2\/media?parent=9129"}],"curies":[{"name":"wp","href":"https:\/\/api.w.org\/{rel}","templated":true}]}}