{"id":9185,"date":"2024-06-14T14:27:34","date_gmt":"2024-06-14T14:27:34","guid":{"rendered":"https:\/\/hodmaassluis.nl\/kontakt\/"},"modified":"2025-09-24T13:53:07","modified_gmt":"2025-09-24T13:53:07","slug":"kontakt","status":"publish","type":"page","link":"https:\/\/hodmaassluis.nl\/de\/kontakt\/","title":{"rendered":"Kontakt"},"content":{"rendered":"\t\t<div data-elementor-type=\"wp-page\" data-elementor-id=\"9185\" class=\"elementor elementor-9185 elementor-8444\">\n\t\t\t\t<div class=\"elementor-element elementor-element-4e53d5c e-flex e-con-boxed wpr-particle-no wpr-jarallax-no wpr-parallax-no wpr-sticky-section-no e-con e-parent\" data-id=\"4e53d5c\" data-element_type=\"container\" data-settings=\"{&quot;background_background&quot;:&quot;classic&quot;}\">\n\t\t\t\t\t<div class=\"e-con-inner\">\n\t\t\t\t<div class=\"elementor-element elementor-element-7719ecd elementor-widget elementor-widget-heading\" data-id=\"7719ecd\" data-element_type=\"widget\" data-widget_type=\"heading.default\">\n\t\t\t\t<div class=\"elementor-widget-container\">\n\t\t\t\t\t<h1 class=\"elementor-heading-title elementor-size-default\">Kontakt<\/h1>\t\t\t\t<\/div>\n\t\t\t\t<\/div>\n\t\t\t\t\t<\/div>\n\t\t\t\t<\/div>\n\t\t<div class=\"elementor-element elementor-element-91d42b5 e-flex e-con-boxed wpr-particle-no wpr-jarallax-no wpr-parallax-no wpr-sticky-section-no e-con e-parent\" data-id=\"91d42b5\" data-element_type=\"container\">\n\t\t\t\t\t<div class=\"e-con-inner\">\n\t\t\t\t<div class=\"elementor-element elementor-element-d5fce67 elementor-widget elementor-widget-heading\" data-id=\"d5fce67\" data-element_type=\"widget\" data-widget_type=\"heading.default\">\n\t\t\t\t<div class=\"elementor-widget-container\">\n\t\t\t\t\t<h2 class=\"elementor-heading-title elementor-size-default\">Kontaktinformationen\n<\/h2>\t\t\t\t<\/div>\n\t\t\t\t<\/div>\n\t\t\t\t<div class=\"elementor-element elementor-element-806c177 elementor-widget elementor-widget-text-editor\" data-id=\"806c177\" data-element_type=\"widget\" data-widget_type=\"text-editor.default\">\n\t\t\t\t<div class=\"elementor-widget-container\">\n\t\t\t\t\t\t\t\t\t<p>Hast du Fragen oder m\u00f6chtest du mehr Informationen? Wir helfen dir gerne! Ruf uns an und wir sind sofort f\u00fcr dich da, um dich bestm\u00f6glich zu unterst\u00fctzen.  <\/p><p>M\u00f6chtest du lieber eine Nachricht senden? F\u00fclle unser Kontaktformular aus oder sende uns eine E-Mail. Wir melden uns so schnell wie m\u00f6glich bei dir.  <\/p>\t\t\t\t\t\t\t\t<\/div>\n\t\t\t\t<\/div>\n\t\t<div class=\"elementor-element elementor-element-67a5229 e-grid e-con-boxed wpr-particle-no wpr-jarallax-no wpr-parallax-no wpr-sticky-section-no e-con e-child\" data-id=\"67a5229\" data-element_type=\"container\">\n\t\t\t\t\t<div class=\"e-con-inner\">\n\t\t\t\t<div class=\"elementor-element elementor-element-66ecdbf elementor-widget__width-initial elementor-widget-mobile__width-initial elementor-view-default elementor-position-top elementor-mobile-position-top elementor-invisible elementor-widget elementor-widget-icon-box\" data-id=\"66ecdbf\" data-element_type=\"widget\" data-settings=\"{&quot;_animation&quot;:&quot;zoomIn&quot;}\" data-widget_type=\"icon-box.default\">\n\t\t\t\t<div class=\"elementor-widget-container\">\n\t\t\t\t\t\t\t<div class=\"elementor-icon-box-wrapper\">\n\n\t\t\t\t\t\t<div class=\"elementor-icon-box-icon\">\n\t\t\t\t<span  class=\"elementor-icon\">\n\t\t\t\t<svg aria-hidden=\"true\" class=\"e-font-icon-svg e-fas-envelope\" viewBox=\"0 0 512 512\" xmlns=\"http:\/\/www.w3.org\/2000\/svg\"><path d=\"M502.3 190.8c3.9-3.1 9.7-.2 9.7 4.7V400c0 26.5-21.5 48-48 48H48c-26.5 0-48-21.5-48-48V195.6c0-5 5.7-7.8 9.7-4.7 22.4 17.4 52.1 39.5 154.1 113.6 21.1 15.4 56.7 47.8 92.2 47.6 35.7.3 72-32.8 92.3-47.6 102-74.1 131.6-96.3 154-113.7zM256 320c23.2.4 56.6-29.2 73.4-41.4 132.7-96.3 142.8-104.7 173.4-128.7 5.8-4.5 9.2-11.5 9.2-18.9v-19c0-26.5-21.5-48-48-48H48C21.5 64 0 85.5 0 112v19c0 7.4 3.4 14.3 9.2 18.9 30.6 23.9 40.7 32.4 173.4 128.7 16.8 12.2 50.2 41.8 73.4 41.4z\"><\/path><\/svg>\t\t\t\t<\/span>\n\t\t\t<\/div>\n\t\t\t\n\t\t\t\t\t\t<div class=\"elementor-icon-box-content\">\n\n\t\t\t\t\t\t\t\t\t<h3 class=\"elementor-icon-box-title\">\n\t\t\t\t\t\t<span  >\n\t\t\t\t\t\t\tE-Mail\t\t\t\t\t\t<\/span>\n\t\t\t\t\t<\/h3>\n\t\t\t\t\n\t\t\t\t\t\t\t\t\t<p class=\"elementor-icon-box-description\">\n\t\t\t\t\t\tinfo@hodmaassluis.nl\n\t\t\t\t\t<\/p>\n\t\t\t\t\n\t\t\t<\/div>\n\t\t\t\n\t\t<\/div>\n\t\t\t\t\t\t<\/div>\n\t\t\t\t<\/div>\n\t\t\t\t<div class=\"elementor-element elementor-element-eccc5bd elementor-widget__width-initial elementor-widget-mobile__width-initial elementor-view-default elementor-position-top elementor-mobile-position-top elementor-invisible elementor-widget elementor-widget-icon-box\" data-id=\"eccc5bd\" data-element_type=\"widget\" data-settings=\"{&quot;_animation&quot;:&quot;zoomIn&quot;}\" data-widget_type=\"icon-box.default\">\n\t\t\t\t<div class=\"elementor-widget-container\">\n\t\t\t\t\t\t\t<div class=\"elementor-icon-box-wrapper\">\n\n\t\t\t\t\t\t<div class=\"elementor-icon-box-icon\">\n\t\t\t\t<span  class=\"elementor-icon\">\n\t\t\t\t<svg aria-hidden=\"true\" class=\"e-font-icon-svg e-fas-phone-alt\" viewBox=\"0 0 512 512\" xmlns=\"http:\/\/www.w3.org\/2000\/svg\"><path d=\"M497.39 361.8l-112-48a24 24 0 0 0-28 6.9l-49.6 60.6A370.66 370.66 0 0 1 130.6 204.11l60.6-49.6a23.94 23.94 0 0 0 6.9-28l-48-112A24.16 24.16 0 0 0 122.6.61l-104 24A24 24 0 0 0 0 48c0 256.5 207.9 464 464 464a24 24 0 0 0 23.4-18.6l24-104a24.29 24.29 0 0 0-14.01-27.6z\"><\/path><\/svg>\t\t\t\t<\/span>\n\t\t\t<\/div>\n\t\t\t\n\t\t\t\t\t\t<div class=\"elementor-icon-box-content\">\n\n\t\t\t\t\t\t\t\t\t<h3 class=\"elementor-icon-box-title\">\n\t\t\t\t\t\t<span  >\n\t\t\t\t\t\t\tTelefonnummer\t\t\t\t\t\t<\/span>\n\t\t\t\t\t<\/h3>\n\t\t\t\t\n\t\t\t\t\t\t\t\t\t<p class=\"elementor-icon-box-description\">\n\t\t\t\t\t\t+31(0)10-5997140\t\t\t\t\t<\/p>\n\t\t\t\t\n\t\t\t<\/div>\n\t\t\t\n\t\t<\/div>\n\t\t\t\t\t\t<\/div>\n\t\t\t\t<\/div>\n\t\t\t\t<div class=\"elementor-element elementor-element-4595e59 elementor-widget__width-initial elementor-widget-mobile__width-initial elementor-view-default elementor-position-top elementor-mobile-position-top elementor-invisible elementor-widget elementor-widget-icon-box\" data-id=\"4595e59\" data-element_type=\"widget\" data-settings=\"{&quot;_animation&quot;:&quot;zoomIn&quot;}\" data-widget_type=\"icon-box.default\">\n\t\t\t\t<div class=\"elementor-widget-container\">\n\t\t\t\t\t\t\t<div class=\"elementor-icon-box-wrapper\">\n\n\t\t\t\t\t\t<div class=\"elementor-icon-box-icon\">\n\t\t\t\t<span  class=\"elementor-icon\">\n\t\t\t\t<svg aria-hidden=\"true\" class=\"e-font-icon-svg e-fas-map-marker-alt\" viewBox=\"0 0 384 512\" xmlns=\"http:\/\/www.w3.org\/2000\/svg\"><path d=\"M172.268 501.67C26.97 291.031 0 269.413 0 192 0 85.961 85.961 0 192 0s192 85.961 192 192c0 77.413-26.97 99.031-172.268 309.67-9.535 13.774-29.93 13.773-39.464 0zM192 272c44.183 0 80-35.817 80-80s-35.817-80-80-80-80 35.817-80 80 35.817 80 80 80z\"><\/path><\/svg>\t\t\t\t<\/span>\n\t\t\t<\/div>\n\t\t\t\n\t\t\t\t\t\t<div class=\"elementor-icon-box-content\">\n\n\t\t\t\t\t\t\t\t\t<h3 class=\"elementor-icon-box-title\">\n\t\t\t\t\t\t<span  >\n\t\t\t\t\t\t\tAdressdaten\t\t\t\t\t\t<\/span>\n\t\t\t\t\t<\/h3>\n\t\t\t\t\n\t\t\t\t\t\t\t\t\t<p class=\"elementor-icon-box-description\">\n\t\t\t\t\t\tNijverheidstraat 2B, 3144 CL Maassluis\n\n\t\t\t\t\t<\/p>\n\t\t\t\t\n\t\t\t<\/div>\n\t\t\t\n\t\t<\/div>\n\t\t\t\t\t\t<\/div>\n\t\t\t\t<\/div>\n\t\t\t\t\t<\/div>\n\t\t\t\t<\/div>\n\t\t\t\t\t<\/div>\n\t\t\t\t<\/div>\n\t\t<div class=\"elementor-element elementor-element-cf5e46f e-flex e-con-boxed wpr-particle-no wpr-jarallax-no wpr-parallax-no wpr-sticky-section-no e-con e-parent\" data-id=\"cf5e46f\" data-element_type=\"container\" data-settings=\"{&quot;background_background&quot;:&quot;classic&quot;}\">\n\t\t\t\t\t<div class=\"e-con-inner\">\n\t\t<div class=\"elementor-element elementor-element-5771a84 e-flex e-con-boxed wpr-particle-no wpr-jarallax-no wpr-parallax-no wpr-sticky-section-no elementor-invisible e-con e-child\" data-id=\"5771a84\" data-element_type=\"container\" data-settings=\"{&quot;animation&quot;:&quot;slideInLeft&quot;}\">\n\t\t\t\t\t<div class=\"e-con-inner\">\n\t\t\t\t<div class=\"elementor-element elementor-element-5b9f1ae elementor-widget elementor-widget-heading\" data-id=\"5b9f1ae\" data-element_type=\"widget\" data-widget_type=\"heading.default\">\n\t\t\t\t<div class=\"elementor-widget-container\">\n\t\t\t\t\t<h2 class=\"elementor-heading-title elementor-size-default\">Wir freuen uns darauf, mit Ihnen in Kontakt zu treten<\/h2>\t\t\t\t<\/div>\n\t\t\t\t<\/div>\n\t\t<div class=\"elementor-element elementor-element-0e07eab e-flex e-con-boxed wpr-particle-no wpr-jarallax-no wpr-parallax-no wpr-sticky-section-no e-con e-child\" data-id=\"0e07eab\" data-element_type=\"container\">\n\t\t\t\t\t<div class=\"e-con-inner\">\n\t\t\t\t<div class=\"elementor-element elementor-element-0dcc591 elementor-position-left elementor-vertical-align-middle elementor-widget elementor-widget-image-box\" data-id=\"0dcc591\" data-element_type=\"widget\" data-widget_type=\"image-box.default\">\n\t\t\t\t<div class=\"elementor-widget-container\">\n\t\t\t\t\t<div class=\"elementor-image-box-wrapper\"><figure class=\"elementor-image-box-img\"><img fetchpriority=\"high\" decoding=\"async\" width=\"1200\" height=\"1200\" src=\"https:\/\/hodmaassluis.nl\/wp-content\/uploads\/2025\/02\/Zonder-titel-1200-x-1200-px.png\" class=\"attachment-full size-full wp-image-8913\" alt=\"\" srcset=\"https:\/\/hodmaassluis.nl\/wp-content\/uploads\/2025\/02\/Zonder-titel-1200-x-1200-px.png 1200w, https:\/\/hodmaassluis.nl\/wp-content\/uploads\/2025\/02\/Zonder-titel-1200-x-1200-px-300x300.png 300w, https:\/\/hodmaassluis.nl\/wp-content\/uploads\/2025\/02\/Zonder-titel-1200-x-1200-px-1024x1024.png 1024w, https:\/\/hodmaassluis.nl\/wp-content\/uploads\/2025\/02\/Zonder-titel-1200-x-1200-px-150x150.png 150w, https:\/\/hodmaassluis.nl\/wp-content\/uploads\/2025\/02\/Zonder-titel-1200-x-1200-px-768x768.png 768w\" sizes=\"(max-width: 1200px) 100vw, 1200px\" \/><\/figure><div class=\"elementor-image-box-content\"><h3 class=\"elementor-image-box-title\">Romy van der Ende<\/h3><p class=\"elementor-image-box-description\">Direktor<\/p><\/div><\/div>\t\t\t\t<\/div>\n\t\t\t\t<\/div>\n\t\t\t\t\t<\/div>\n\t\t\t\t<\/div>\n\t\t<div class=\"elementor-element elementor-element-54b7a6b e-flex e-con-boxed wpr-particle-no wpr-jarallax-no wpr-parallax-no wpr-sticky-section-no e-con e-child\" data-id=\"54b7a6b\" data-element_type=\"container\">\n\t\t\t\t\t<div class=\"e-con-inner\">\n\t\t\t\t<div class=\"elementor-element elementor-element-a4cd6df elementor-shape-square elementor-widget__width-initial elementor-widget-mobile__width-initial elementor-view-stacked elementor-position-right elementor-mobile-position-left elementor-invisible elementor-widget elementor-widget-icon-box\" data-id=\"a4cd6df\" data-element_type=\"widget\" data-settings=\"{&quot;_animation&quot;:&quot;zoomIn&quot;}\" data-widget_type=\"icon-box.default\">\n\t\t\t\t<div class=\"elementor-widget-container\">\n\t\t\t\t\t\t\t<div class=\"elementor-icon-box-wrapper\">\n\n\t\t\t\t\t\t<div class=\"elementor-icon-box-icon\">\n\t\t\t\t<span  class=\"elementor-icon\">\n\t\t\t\t<svg aria-hidden=\"true\" class=\"e-font-icon-svg e-fas-phone-alt\" viewBox=\"0 0 512 512\" xmlns=\"http:\/\/www.w3.org\/2000\/svg\"><path d=\"M497.39 361.8l-112-48a24 24 0 0 0-28 6.9l-49.6 60.6A370.66 370.66 0 0 1 130.6 204.11l60.6-49.6a23.94 23.94 0 0 0 6.9-28l-48-112A24.16 24.16 0 0 0 122.6.61l-104 24A24 24 0 0 0 0 48c0 256.5 207.9 464 464 464a24 24 0 0 0 23.4-18.6l24-104a24.29 24.29 0 0 0-14.01-27.6z\"><\/path><\/svg>\t\t\t\t<\/span>\n\t\t\t<\/div>\n\t\t\t\n\t\t\t\t\t\t<div class=\"elementor-icon-box-content\">\n\n\t\t\t\t\t\t\t\t\t<h3 class=\"elementor-icon-box-title\">\n\t\t\t\t\t\t<span  >\n\t\t\t\t\t\t\t+31(0)10 5997140\t\t\t\t\t\t<\/span>\n\t\t\t\t\t<\/h3>\n\t\t\t\t\n\t\t\t\t\n\t\t\t<\/div>\n\t\t\t\n\t\t<\/div>\n\t\t\t\t\t\t<\/div>\n\t\t\t\t<\/div>\n\t\t\t\t\t<\/div>\n\t\t\t\t<\/div>\n\t\t\t\t\t<\/div>\n\t\t\t\t<\/div>\n\t\t<div class=\"elementor-element elementor-element-4de9f8e e-flex e-con-boxed wpr-particle-no wpr-jarallax-no wpr-parallax-no wpr-sticky-section-no elementor-invisible e-con e-child\" data-id=\"4de9f8e\" data-element_type=\"container\" data-settings=\"{&quot;animation&quot;:&quot;slideInRight&quot;}\">\n\t\t\t\t\t<div class=\"e-con-inner\">\n\t\t\t\t<div class=\"elementor-element elementor-element-04512b7 wpr-step-type-number_text wpr-step-content-layout-vertical wpr-custom-styles-yes elementor-widget elementor-widget-wpr-form-builder\" data-id=\"04512b7\" data-element_type=\"widget\" data-settings=\"{&quot;success_message&quot;:&quot;Erfolgreich! Wir melden uns schnellstm\\u00f6glich bei dir. &quot;,&quot;error_message&quot;:&quot;Ups, da ist etwas schiefgelaufen. Versuche es erneut oder ruf uns an. &quot;,&quot;button_width&quot;:{&quot;unit&quot;:&quot;%&quot;,&quot;size&quot;:100,&quot;sizes&quot;:[]},&quot;button_width_laptop&quot;:{&quot;unit&quot;:&quot;px&quot;,&quot;size&quot;:&quot;&quot;,&quot;sizes&quot;:[]},&quot;button_width_tablet&quot;:{&quot;unit&quot;:&quot;px&quot;,&quot;size&quot;:&quot;&quot;,&quot;sizes&quot;:[]},&quot;button_width_mobile&quot;:{&quot;unit&quot;:&quot;px&quot;,&quot;size&quot;:&quot;&quot;,&quot;sizes&quot;:[]},&quot;step_type&quot;:&quot;number_text&quot;,&quot;step_content_layout&quot;:&quot;vertical&quot;}\" data-widget_type=\"wpr-form-builder.default\">\n\t\t\t\t<div class=\"elementor-widget-container\">\n\t\t\t\t\t\t\t<form class=\"wpr-form\" method=\"post\" name=\"Neues Formular\" page=\"Kontakt\" page_id=\"9185\" novalidate>\n\t\t\t<input type=\"hidden\" name=\"post_id\" value=\"9185\"\/>\n\t\t\t<input type=\"hidden\" name=\"form_id\" value=\"04512b7\"\/>\n\t\t\t<input type=\"hidden\" name=\"referer_title\" value=\"HOD Maassluis\" \/>\n\n\t\t\t<div class=\"wpr-step-wrap\"><\/div>\n\t\t\t<div class=\"wpr-form-fields-wrap wpr-labels-above\">\n\t\t\t\t\t\t\t\t\t<div class=\"wpr-form-field-type-text wpr-field-group wpr-column wpr-field-group-name elementor-repeater-item-12f3f43\">\n\t\t\t\t\t\t\t\t\t\t\t\t\t\t<label for=\"form-field-name\" class=\"wpr-form-field-label\">\n\t\t\t\t\t\t\t\t\tDein Name\t\t\t\t\t\t\t\t<\/label>\n\t\t\t\t\t\t\t<input size=\"1 \"type=\"text\" name=\"form_fields[name]\" id=\"form-field-name\" class=\"wpr-form-field  wpr-form-field-textual\">\t\t\t\t\t<\/div>\n\t\t\t\t\t\t\t\t\t<div class=\"wpr-form-field-type-tel wpr-field-group wpr-column wpr-field-group-tel elementor-repeater-item-e3cbc5a wpr-form-field-required\">\n\t\t\t\t\t\t\t\t\t\t\t\t\t\t<label for=\"form-field-tel\" class=\"wpr-form-field-label\">\n\t\t\t\t\t\t\t\t\tTelefonnummer\t\t\t\t\t\t\t\t<\/label>\n\t\t\t\t\t\t\t<input size=\"1 \"type=\"tel\" name=\"form_fields[tel]\" id=\"form-field-tel\" class=\"wpr-form-field  wpr-form-field-textual\" required=\"required\" aria-required=\"true\">\t\t\t\t\t<\/div>\n\t\t\t\t\t\t\t\t\t<div class=\"wpr-form-field-type-textarea wpr-field-group wpr-column wpr-field-group-message elementor-repeater-item-1f0b85d\">\n\t\t\t\t\t\t\t\t\t\t\t\t\t\t<label for=\"form-field-message\" class=\"wpr-form-field-label\">\n\t\t\t\t\t\t\t\t\tNachricht\t\t\t\t\t\t\t\t<\/label>\n\t\t\t\t\t\t\t<textarea class=\"wpr-form-field-textual wpr-form-field \" name=\"form_fields[message]\" id=\"form-field-message\" rows=\"7\" placeholder=\"Wor\u00fcber m\u00f6chtest du mit uns sprechen?\"><\/textarea>\t\t\t\t\t<\/div>\n\t\t\t\t<div class=\"wpr-field-group wpr-stp-btns-wrap wpr-column wpr-form-field-type-submit\" data-actions=\"[&quot;email&quot;]\" data-redirect-url=\"\" data-mailchimp-fields=\"{&quot;email_field&quot;:&quot;&quot;,&quot;first_name_field&quot;:&quot;&quot;,&quot;last_name_field&quot;:&quot;&quot;,&quot;address_field&quot;:&quot;&quot;,&quot;phone_field&quot;:&quot;&quot;,&quot;birthday_field&quot;:&quot;&quot;,&quot;group_id&quot;:&quot;&quot;}\" data-list-id=\"\">\t\t\t<button type=\"submit\" class=\"wpr-button\">\n\t\t\t\t<span >\n\t\t\t\t\t\t\t\t\t\t\t\t\t\t\t\t<span>Senden<\/span>\n\t\t\t\t\t\t\t\t\t\t\t\t\t\t<\/span>\t\n\t\t\t\t<div class=\"wpr-double-bounce wpr-loader-hidden\">\n\t\t\t\t\t<div class=\"wpr-child wpr-double-bounce1\"><\/div>\n\t\t\t\t\t<div class=\"wpr-child wpr-double-bounce2\"><\/div>\n\t\t\t\t<\/div>\n\t\t\t<\/button>\n\t\t<\/div>\t\t\t\t\n\t\t\t<\/div>\n\t\t<\/form>\n\t  \t\t\t\t<\/div>\n\t\t\t\t<\/div>\n\t\t\t\t\t<\/div>\n\t\t\t\t<\/div>\n\t\t\t\t\t<\/div>\n\t\t\t\t<\/div>\n\t\t\t\t<\/div>\n\t\t","protected":false},"excerpt":{"rendered":"<p>Kontakt Kontaktinformationen Hast du Fragen oder m\u00f6chtest du mehr Informationen? Wir helfen dir gerne! Ruf uns an und wir sind sofort f\u00fcr dich da, um dich bestm\u00f6glich zu unterst\u00fctzen. M\u00f6chtest du lieber eine Nachricht senden? F\u00fclle unser Kontaktformular aus oder sende uns eine E-Mail. Wir melden uns so schnell wie m\u00f6glich bei dir. E-Mail info@hodmaassluis.nl Telefonnummer +31(0)10-5997140 Adressdaten Nijverheidstraat 2B, 3144 CL Maassluis Wir freuen uns darauf, mit Ihnen in Kontakt zu treten Romy van der Ende Direktor +31(0)10 5997140 Dein Name Telefonnummer Nachricht Senden<\/p>\n","protected":false},"author":2,"featured_media":0,"parent":0,"menu_order":0,"comment_status":"closed","ping_status":"closed","template":"elementor_canvas","meta":{"footnotes":""},"class_list":["post-9185","page","type-page","status-publish","hentry"],"yoast_head":"<!-- This site is optimized with the Yoast SEO plugin v26.0 - https:\/\/yoast.com\/wordpress\/plugins\/seo\/ -->\n<title>Kontakt - HOD Maassluis<\/title>\n<meta name=\"description\" content=\"Willkommen bei HOD Maassluis. Seit Jahren der zuverl\u00e4ssige Partner f\u00fcr Sonderposten in Europa. Wir freuen uns darauf, mit Ihnen in Kontakt zu treten.\" \/>\n<meta name=\"robots\" content=\"index, follow, max-snippet:-1, max-image-preview:large, max-video-preview:-1\" \/>\n<link rel=\"canonical\" href=\"https:\/\/hodmaassluis.nl\/de\/kontakt\/\" \/>\n<meta property=\"og:locale\" content=\"de_DE\" \/>\n<meta property=\"og:type\" content=\"article\" \/>\n<meta property=\"og:title\" content=\"Kontakt - HOD Maassluis\" \/>\n<meta property=\"og:description\" content=\"Willkommen bei HOD Maassluis. Seit Jahren der zuverl\u00e4ssige Partner f\u00fcr Sonderposten in Europa. Wir freuen uns darauf, mit Ihnen in Kontakt zu treten.\" \/>\n<meta property=\"og:url\" content=\"https:\/\/hodmaassluis.nl\/de\/kontakt\/\" \/>\n<meta property=\"og:site_name\" content=\"HOD Maassluis\" \/>\n<meta property=\"article:modified_time\" content=\"2025-09-24T13:53:07+00:00\" \/>\n<meta property=\"og:image\" content=\"https:\/\/hodmaassluis.nl\/wp-content\/uploads\/2025\/02\/Zonder-titel-1200-x-1200-px.png\" \/>\n\t<meta property=\"og:image:width\" content=\"1200\" \/>\n\t<meta property=\"og:image:height\" content=\"1200\" \/>\n\t<meta property=\"og:image:type\" content=\"image\/png\" \/>\n<meta name=\"twitter:card\" content=\"summary_large_image\" \/>\n<script type=\"application\/ld+json\" class=\"yoast-schema-graph\">{\"@context\":\"https:\/\/schema.org\",\"@graph\":[{\"@type\":\"WebPage\",\"@id\":\"https:\/\/hodmaassluis.nl\/de\/kontakt\/\",\"url\":\"https:\/\/hodmaassluis.nl\/de\/kontakt\/\",\"name\":\"Kontakt - HOD Maassluis\",\"isPartOf\":{\"@id\":\"https:\/\/hodmaassluis.nl\/#website\"},\"primaryImageOfPage\":{\"@id\":\"https:\/\/hodmaassluis.nl\/de\/kontakt\/#primaryimage\"},\"image\":{\"@id\":\"https:\/\/hodmaassluis.nl\/de\/kontakt\/#primaryimage\"},\"thumbnailUrl\":\"https:\/\/hodmaassluis.nl\/wp-content\/uploads\/2025\/02\/Zonder-titel-1200-x-1200-px.png\",\"datePublished\":\"2024-06-14T14:27:34+00:00\",\"dateModified\":\"2025-09-24T13:53:07+00:00\",\"description\":\"Willkommen bei HOD Maassluis. Seit Jahren der zuverl\u00e4ssige Partner f\u00fcr Sonderposten in Europa. Wir freuen uns darauf, mit Ihnen in Kontakt zu treten.\",\"breadcrumb\":{\"@id\":\"https:\/\/hodmaassluis.nl\/de\/kontakt\/#breadcrumb\"},\"inLanguage\":\"de\",\"potentialAction\":[{\"@type\":\"ReadAction\",\"target\":[\"https:\/\/hodmaassluis.nl\/de\/kontakt\/\"]}]},{\"@type\":\"ImageObject\",\"inLanguage\":\"de\",\"@id\":\"https:\/\/hodmaassluis.nl\/de\/kontakt\/#primaryimage\",\"url\":\"https:\/\/hodmaassluis.nl\/wp-content\/uploads\/2025\/02\/Zonder-titel-1200-x-1200-px.png\",\"contentUrl\":\"https:\/\/hodmaassluis.nl\/wp-content\/uploads\/2025\/02\/Zonder-titel-1200-x-1200-px.png\"},{\"@type\":\"BreadcrumbList\",\"@id\":\"https:\/\/hodmaassluis.nl\/de\/kontakt\/#breadcrumb\",\"itemListElement\":[{\"@type\":\"ListItem\",\"position\":1,\"name\":\"Home\",\"item\":\"https:\/\/hodmaassluis.nl\/de\/willkommen\/\"},{\"@type\":\"ListItem\",\"position\":2,\"name\":\"Kontakt\"}]},{\"@type\":\"WebSite\",\"@id\":\"https:\/\/hodmaassluis.nl\/#website\",\"url\":\"https:\/\/hodmaassluis.nl\/\",\"name\":\"HOD Maassluis\",\"description\":\"\",\"potentialAction\":[{\"@type\":\"SearchAction\",\"target\":{\"@type\":\"EntryPoint\",\"urlTemplate\":\"https:\/\/hodmaassluis.nl\/?s={search_term_string}\"},\"query-input\":{\"@type\":\"PropertyValueSpecification\",\"valueRequired\":true,\"valueName\":\"search_term_string\"}}],\"inLanguage\":\"de\"}]}<\/script>\n<!-- \/ Yoast SEO plugin. -->","yoast_head_json":{"title":"Kontakt - HOD Maassluis","description":"Willkommen bei HOD Maassluis. Seit Jahren der zuverl\u00e4ssige Partner f\u00fcr Sonderposten in Europa. Wir freuen uns darauf, mit Ihnen in Kontakt zu treten.","robots":{"index":"index","follow":"follow","max-snippet":"max-snippet:-1","max-image-preview":"max-image-preview:large","max-video-preview":"max-video-preview:-1"},"canonical":"https:\/\/hodmaassluis.nl\/de\/kontakt\/","og_locale":"de_DE","og_type":"article","og_title":"Kontakt - HOD Maassluis","og_description":"Willkommen bei HOD Maassluis. Seit Jahren der zuverl\u00e4ssige Partner f\u00fcr Sonderposten in Europa. Wir freuen uns darauf, mit Ihnen in Kontakt zu treten.","og_url":"https:\/\/hodmaassluis.nl\/de\/kontakt\/","og_site_name":"HOD Maassluis","article_modified_time":"2025-09-24T13:53:07+00:00","og_image":[{"width":1200,"height":1200,"url":"https:\/\/hodmaassluis.nl\/wp-content\/uploads\/2025\/02\/Zonder-titel-1200-x-1200-px.png","type":"image\/png"}],"twitter_card":"summary_large_image","schema":{"@context":"https:\/\/schema.org","@graph":[{"@type":"WebPage","@id":"https:\/\/hodmaassluis.nl\/de\/kontakt\/","url":"https:\/\/hodmaassluis.nl\/de\/kontakt\/","name":"Kontakt - HOD Maassluis","isPartOf":{"@id":"https:\/\/hodmaassluis.nl\/#website"},"primaryImageOfPage":{"@id":"https:\/\/hodmaassluis.nl\/de\/kontakt\/#primaryimage"},"image":{"@id":"https:\/\/hodmaassluis.nl\/de\/kontakt\/#primaryimage"},"thumbnailUrl":"https:\/\/hodmaassluis.nl\/wp-content\/uploads\/2025\/02\/Zonder-titel-1200-x-1200-px.png","datePublished":"2024-06-14T14:27:34+00:00","dateModified":"2025-09-24T13:53:07+00:00","description":"Willkommen bei HOD Maassluis. Seit Jahren der zuverl\u00e4ssige Partner f\u00fcr Sonderposten in Europa. Wir freuen uns darauf, mit Ihnen in Kontakt zu treten.","breadcrumb":{"@id":"https:\/\/hodmaassluis.nl\/de\/kontakt\/#breadcrumb"},"inLanguage":"de","potentialAction":[{"@type":"ReadAction","target":["https:\/\/hodmaassluis.nl\/de\/kontakt\/"]}]},{"@type":"ImageObject","inLanguage":"de","@id":"https:\/\/hodmaassluis.nl\/de\/kontakt\/#primaryimage","url":"https:\/\/hodmaassluis.nl\/wp-content\/uploads\/2025\/02\/Zonder-titel-1200-x-1200-px.png","contentUrl":"https:\/\/hodmaassluis.nl\/wp-content\/uploads\/2025\/02\/Zonder-titel-1200-x-1200-px.png"},{"@type":"BreadcrumbList","@id":"https:\/\/hodmaassluis.nl\/de\/kontakt\/#breadcrumb","itemListElement":[{"@type":"ListItem","position":1,"name":"Home","item":"https:\/\/hodmaassluis.nl\/de\/willkommen\/"},{"@type":"ListItem","position":2,"name":"Kontakt"}]},{"@type":"WebSite","@id":"https:\/\/hodmaassluis.nl\/#website","url":"https:\/\/hodmaassluis.nl\/","name":"HOD Maassluis","description":"","potentialAction":[{"@type":"SearchAction","target":{"@type":"EntryPoint","urlTemplate":"https:\/\/hodmaassluis.nl\/?s={search_term_string}"},"query-input":{"@type":"PropertyValueSpecification","valueRequired":true,"valueName":"search_term_string"}}],"inLanguage":"de"}]}},"jetpack_sharing_enabled":true,"_links":{"self":[{"href":"https:\/\/hodmaassluis.nl\/de\/wp-json\/wp\/v2\/pages\/9185","targetHints":{"allow":["GET"]}}],"collection":[{"href":"https:\/\/hodmaassluis.nl\/de\/wp-json\/wp\/v2\/pages"}],"about":[{"href":"https:\/\/hodmaassluis.nl\/de\/wp-json\/wp\/v2\/types\/page"}],"author":[{"embeddable":true,"href":"https:\/\/hodmaassluis.nl\/de\/wp-json\/wp\/v2\/users\/2"}],"replies":[{"embeddable":true,"href":"https:\/\/hodmaassluis.nl\/de\/wp-json\/wp\/v2\/comments?post=9185"}],"version-history":[{"count":1,"href":"https:\/\/hodmaassluis.nl\/de\/wp-json\/wp\/v2\/pages\/9185\/revisions"}],"predecessor-version":[{"id":9186,"href":"https:\/\/hodmaassluis.nl\/de\/wp-json\/wp\/v2\/pages\/9185\/revisions\/9186"}],"wp:attachment":[{"href":"https:\/\/hodmaassluis.nl\/de\/wp-json\/wp\/v2\/media?parent=9185"}],"curies":[{"name":"wp","href":"https:\/\/api.w.org\/{rel}","templated":true}]}}