{"id":9138,"date":"2025-02-04T14:05:11","date_gmt":"2025-02-04T14:05:11","guid":{"rendered":"https:\/\/hodmaassluis.nl\/ueber-uns\/"},"modified":"2025-09-24T13:52:44","modified_gmt":"2025-09-24T13:52:44","slug":"ueber-uns","status":"publish","type":"page","link":"https:\/\/hodmaassluis.nl\/de\/ueber-uns\/","title":{"rendered":"\u00dcber uns"},"content":{"rendered":"\t\t<div data-elementor-type=\"wp-page\" data-elementor-id=\"9138\" class=\"elementor elementor-9138 elementor-8677\">\n\t\t\t\t<div class=\"elementor-element elementor-element-8030a81 e-flex e-con-boxed wpr-particle-no wpr-jarallax-no wpr-parallax-no wpr-sticky-section-no e-con e-parent\" data-id=\"8030a81\" data-element_type=\"container\" data-settings=\"{&quot;background_background&quot;:&quot;classic&quot;}\">\n\t\t\t\t\t<div class=\"e-con-inner\">\n\t\t\t\t<div class=\"elementor-element elementor-element-9408ba5 elementor-widget elementor-widget-heading\" data-id=\"9408ba5\" data-element_type=\"widget\" data-widget_type=\"heading.default\">\n\t\t\t\t<div class=\"elementor-widget-container\">\n\t\t\t\t\t<h1 class=\"elementor-heading-title elementor-size-default\">\u00dcber uns<\/h1>\t\t\t\t<\/div>\n\t\t\t\t<\/div>\n\t\t\t\t\t<\/div>\n\t\t\t\t<\/div>\n\t\t<div class=\"elementor-element elementor-element-e2c4003 e-flex e-con-boxed wpr-particle-no wpr-jarallax-no wpr-parallax-no wpr-sticky-section-no e-con e-parent\" data-id=\"e2c4003\" data-element_type=\"container\">\n\t\t\t\t\t<div class=\"e-con-inner\">\n\t\t<div class=\"elementor-element elementor-element-3878c15 e-flex e-con-boxed wpr-particle-no wpr-jarallax-no wpr-parallax-no wpr-sticky-section-no elementor-invisible e-con e-child\" data-id=\"3878c15\" data-element_type=\"container\" data-settings=\"{&quot;animation&quot;:&quot;slideInLeft&quot;}\">\n\t\t\t\t\t<div class=\"e-con-inner\">\n\t\t\t\t<div class=\"elementor-element elementor-element-1b719f4 elementor-widget elementor-widget-heading\" data-id=\"1b719f4\" data-element_type=\"widget\" data-widget_type=\"heading.default\">\n\t\t\t\t<div class=\"elementor-widget-container\">\n\t\t\t\t\t<h2 class=\"elementor-heading-title elementor-size-default\">Leidenschaft f\u00fcr Handwerkskunst und Qualit\u00e4t<\/h2>\t\t\t\t<\/div>\n\t\t\t\t<\/div>\n\t\t\t\t<div class=\"elementor-element elementor-element-84e7306 elementor-widget elementor-widget-text-editor\" data-id=\"84e7306\" data-element_type=\"widget\" data-widget_type=\"text-editor.default\">\n\t\t\t\t<div class=\"elementor-widget-container\">\n\t\t\t\t\t\t\t\t\t<div class=\"elementor-element elementor-element-84e7306 elementor-widget elementor-widget-text-editor\" data-id=\"84e7306\" data-element_type=\"widget\" data-widget_type=\"text-editor.default\"><div class=\"elementor-widget-container\"><p>Bei H.O.D. Maassluis handeln wir auf zug\u00e4ngliche und einfache Weise mit Sonderposten. Ob es um den Verkauf Ihres Lagerbestands oder ein bevorstehendes MHD-Datum geht, bei uns sind Sie an der richtigen Adresse f\u00fcr eine schnelle L\u00f6sung. <\/p><p>F\u00fcr unsere Kunden sind wir der Ort f\u00fcr H\u00e4ndler und Markth\u00e4ndler, die noch eine Chance sehen. Bekannt f\u00fcr unsere Preise. Seit Jahren wissen viele von Ihnen uns zu finden.   <\/p><\/div><\/div>\t\t\t\t\t\t\t\t<\/div>\n\t\t\t\t<\/div>\n\t\t\t\t\t<\/div>\n\t\t\t\t<\/div>\n\t\t<div class=\"elementor-element elementor-element-3c5575f e-flex e-con-boxed wpr-particle-no wpr-jarallax-no wpr-parallax-no wpr-sticky-section-no elementor-invisible e-con e-child\" data-id=\"3c5575f\" data-element_type=\"container\" data-settings=\"{&quot;animation&quot;:&quot;slideInRight&quot;}\">\n\t\t\t\t\t<div class=\"e-con-inner\">\n\t\t\t\t<div class=\"elementor-element elementor-element-2d81cbc wpr-promo-box-style-cover elementor-invisible elementor-widget elementor-widget-wpr-promo-box\" data-id=\"2d81cbc\" data-element_type=\"widget\" data-settings=\"{&quot;_animation&quot;:&quot;slideInRight&quot;,&quot;_animation_delay&quot;:100}\" data-widget_type=\"wpr-promo-box.default\">\n\t\t\t\t<div class=\"elementor-widget-container\">\n\t\t\t\t\t\n\t\t<div class=\"wpr-promo-box wpr-animation-wrap\">\n\n\t\t\t\t\t\t<a class=\"wpr-promo-box-link\" href=\"https:\/\/hodmaassluis.nl\/de-winkel\/\"><\/a>\t\n\t\t\t\t\t\t\t\n\t\t\t\t\t\t\t<div class=\"wpr-promo-box-image\">\n\t\t\t\t\t<div class=\"wpr-promo-box-bg-image wpr-bg-anim-zoom-in wpr-anim-timing-ease-default lazyload\" style=\"background-image:inherit;\" data-bg-image=\"url(https:\/\/hodmaassluis.nl\/wp-content\/uploads\/2025\/02\/1.png)\"><\/div>\n\t\t\t\t\t<div class=\"wpr-promo-box-bg-overlay wpr-border-anim-none\"><\/div>\n\t\t\t\t<\/div>\n\t\t\t\t\t\t\n\t\t\t<div class=\"wpr-promo-box-content\">\n\n\t\t\t\t\t\t\t\t<div class=\"wpr-promo-box-icon\">\n\t\t\t\t\t\t\t\t\t<\/div>\n\t\t\t\t\n\t\t\t\t<h3 class=\"wpr-promo-box-title\"><span>Der Shop<\/span><\/h3>\n\t\t\t\t\t\t\t\t\t<div class=\"wpr-promo-box-description\">\n\t\t\t\t\t\t<p><p>Unser gesellschaftliches Engagement ist ein wichtiger Teil dessen, wer wir sind. Ein konkretes Beispiel daf\u00fcr ist unser Laden. <\/p><\/p>\t\n\t\t\t\t\t<\/div>\t\t\t\t\t\t\n\t\t\t\t\n\t\t\t\t\t\t\t<\/div>\n\n\t\t\t\t\t<\/div>\n\n\t\t\t\t\t\t<\/div>\n\t\t\t\t<\/div>\n\t\t\t\t<div class=\"elementor-element elementor-element-2ef5e71 wpr-promo-box-style-cover elementor-invisible elementor-widget elementor-widget-wpr-promo-box\" data-id=\"2ef5e71\" data-element_type=\"widget\" data-settings=\"{&quot;_animation&quot;:&quot;slideInRight&quot;,&quot;_animation_delay&quot;:100}\" data-widget_type=\"wpr-promo-box.default\">\n\t\t\t\t<div class=\"elementor-widget-container\">\n\t\t\t\t\t\n\t\t<div class=\"wpr-promo-box wpr-animation-wrap\">\n\n\t\t\t\t\t\t<a class=\"wpr-promo-box-link\" href=\"https:\/\/hodmaassluis.nl\/mvo\/\"><\/a>\t\n\t\t\t\t\t\t\t\n\t\t\t\t\t\t\t<div class=\"wpr-promo-box-image\">\n\t\t\t\t\t<div class=\"wpr-promo-box-bg-image wpr-bg-anim-zoom-in wpr-anim-timing-ease-default lazyload\" style=\"background-image:inherit;\" data-bg-image=\"url(https:\/\/hodmaassluis.nl\/wp-content\/uploads\/2025\/02\/3-1.png)\"><\/div>\n\t\t\t\t\t<div class=\"wpr-promo-box-bg-overlay wpr-border-anim-none\"><\/div>\n\t\t\t\t<\/div>\n\t\t\t\t\t\t\n\t\t\t<div class=\"wpr-promo-box-content\">\n\n\t\t\t\t\t\t\t\t<div class=\"wpr-promo-box-icon\">\n\t\t\t\t\t\t\t\t\t<\/div>\n\t\t\t\t\n\t\t\t\t<h3 class=\"wpr-promo-box-title\"><span>Gemeinschaft<\/span><\/h3>\n\t\t\t\t\t\t\t\t\t<div class=\"wpr-promo-box-description\">\n\t\t\t\t\t\t<p><p>Unser Engagement f\u00fcr die lokale Gemeinschaft ist ein wesentlicher Bestandteil dessen, wer wir sind. Eine unserer wichtigen Initiativen ist es, Produkten mit einem nahenden MHD (Mindesthaltbarkeitsdatum) eine zweite Chance zu geben.  <\/p><\/p>\t\n\t\t\t\t\t<\/div>\t\t\t\t\t\t\n\t\t\t\t\n\t\t\t\t\t\t\t<\/div>\n\n\t\t\t\t\t<\/div>\n\n\t\t\t\t\t\t<\/div>\n\t\t\t\t<\/div>\n\t\t\t\t\t<\/div>\n\t\t\t\t<\/div>\n\t\t\t\t\t<\/div>\n\t\t\t\t<\/div>\n\t\t\t\t<\/div>\n\t\t","protected":false},"excerpt":{"rendered":"<p>\u00dcber uns Leidenschaft f\u00fcr Handwerkskunst und Qualit\u00e4t Bei H.O.D. Maassluis handeln wir auf zug\u00e4ngliche und einfache Weise mit Sonderposten. Ob es um den Verkauf Ihres Lagerbestands oder ein bevorstehendes MHD-Datum geht, bei uns sind Sie an der richtigen Adresse f\u00fcr eine schnelle L\u00f6sung. F\u00fcr unsere Kunden sind wir der Ort f\u00fcr H\u00e4ndler und Markth\u00e4ndler, die noch eine Chance sehen. Bekannt f\u00fcr unsere Preise. Seit Jahren wissen viele von Ihnen uns zu finden. Der Shop Unser gesellschaftliches Engagement ist ein wichtiger Teil dessen, wer wir sind. Ein konkretes Beispiel daf\u00fcr ist unser Laden. Gemeinschaft Unser Engagement f\u00fcr die lokale Gemeinschaft ist ein wesentlicher Bestandteil dessen, wer wir sind. Eine unserer wichtigen Initiativen ist es, Produkten mit einem nahenden MHD (Mindesthaltbarkeitsdatum) eine zweite Chance zu geben.<\/p>\n","protected":false},"author":2,"featured_media":0,"parent":0,"menu_order":0,"comment_status":"closed","ping_status":"closed","template":"elementor_canvas","meta":{"footnotes":""},"class_list":["post-9138","page","type-page","status-publish","hentry"],"yoast_head":"<!-- This site is optimized with the Yoast SEO plugin v26.0 - https:\/\/yoast.com\/wordpress\/plugins\/seo\/ -->\n<title>\u00dcber uns - HOD Maassluis<\/title>\n<meta name=\"description\" content=\"Willkommen bei HOD Maassluis. Seit Jahren der zuverl\u00e4ssige Partner f\u00fcr Sonderposten in Europa. Wir freuen uns darauf, mit Ihnen in Kontakt zu treten.\" \/>\n<meta name=\"robots\" content=\"index, follow, max-snippet:-1, max-image-preview:large, max-video-preview:-1\" \/>\n<link rel=\"canonical\" href=\"https:\/\/hodmaassluis.nl\/de\/ueber-uns\/\" \/>\n<meta property=\"og:locale\" content=\"de_DE\" \/>\n<meta property=\"og:type\" content=\"article\" \/>\n<meta property=\"og:title\" content=\"\u00dcber uns - HOD Maassluis\" \/>\n<meta property=\"og:description\" content=\"Willkommen bei HOD Maassluis. Seit Jahren der zuverl\u00e4ssige Partner f\u00fcr Sonderposten in Europa. Wir freuen uns darauf, mit Ihnen in Kontakt zu treten.\" \/>\n<meta property=\"og:url\" content=\"https:\/\/hodmaassluis.nl\/de\/ueber-uns\/\" \/>\n<meta property=\"og:site_name\" content=\"HOD Maassluis\" \/>\n<meta property=\"article:modified_time\" content=\"2025-09-24T13:52:44+00:00\" \/>\n<meta name=\"twitter:card\" content=\"summary_large_image\" \/>\n<meta name=\"twitter:label1\" content=\"Gesch\u00e4tzte Lesezeit\" \/>\n\t<meta name=\"twitter:data1\" content=\"1\u00a0Minute\" \/>\n<script type=\"application\/ld+json\" class=\"yoast-schema-graph\">{\"@context\":\"https:\/\/schema.org\",\"@graph\":[{\"@type\":\"WebPage\",\"@id\":\"https:\/\/hodmaassluis.nl\/de\/ueber-uns\/\",\"url\":\"https:\/\/hodmaassluis.nl\/de\/ueber-uns\/\",\"name\":\"\u00dcber uns - HOD Maassluis\",\"isPartOf\":{\"@id\":\"https:\/\/hodmaassluis.nl\/#website\"},\"datePublished\":\"2025-02-04T14:05:11+00:00\",\"dateModified\":\"2025-09-24T13:52:44+00:00\",\"description\":\"Willkommen bei HOD Maassluis. Seit Jahren der zuverl\u00e4ssige Partner f\u00fcr Sonderposten in Europa. Wir freuen uns darauf, mit Ihnen in Kontakt zu treten.\",\"breadcrumb\":{\"@id\":\"https:\/\/hodmaassluis.nl\/de\/ueber-uns\/#breadcrumb\"},\"inLanguage\":\"de\",\"potentialAction\":[{\"@type\":\"ReadAction\",\"target\":[\"https:\/\/hodmaassluis.nl\/de\/ueber-uns\/\"]}]},{\"@type\":\"BreadcrumbList\",\"@id\":\"https:\/\/hodmaassluis.nl\/de\/ueber-uns\/#breadcrumb\",\"itemListElement\":[{\"@type\":\"ListItem\",\"position\":1,\"name\":\"Home\",\"item\":\"https:\/\/hodmaassluis.nl\/de\/willkommen\/\"},{\"@type\":\"ListItem\",\"position\":2,\"name\":\"\u00dcber uns\"}]},{\"@type\":\"WebSite\",\"@id\":\"https:\/\/hodmaassluis.nl\/#website\",\"url\":\"https:\/\/hodmaassluis.nl\/\",\"name\":\"HOD Maassluis\",\"description\":\"\",\"potentialAction\":[{\"@type\":\"SearchAction\",\"target\":{\"@type\":\"EntryPoint\",\"urlTemplate\":\"https:\/\/hodmaassluis.nl\/?s={search_term_string}\"},\"query-input\":{\"@type\":\"PropertyValueSpecification\",\"valueRequired\":true,\"valueName\":\"search_term_string\"}}],\"inLanguage\":\"de\"}]}<\/script>\n<!-- \/ Yoast SEO plugin. -->","yoast_head_json":{"title":"\u00dcber uns - HOD Maassluis","description":"Willkommen bei HOD Maassluis. Seit Jahren der zuverl\u00e4ssige Partner f\u00fcr Sonderposten in Europa. Wir freuen uns darauf, mit Ihnen in Kontakt zu treten.","robots":{"index":"index","follow":"follow","max-snippet":"max-snippet:-1","max-image-preview":"max-image-preview:large","max-video-preview":"max-video-preview:-1"},"canonical":"https:\/\/hodmaassluis.nl\/de\/ueber-uns\/","og_locale":"de_DE","og_type":"article","og_title":"\u00dcber uns - HOD Maassluis","og_description":"Willkommen bei HOD Maassluis. Seit Jahren der zuverl\u00e4ssige Partner f\u00fcr Sonderposten in Europa. Wir freuen uns darauf, mit Ihnen in Kontakt zu treten.","og_url":"https:\/\/hodmaassluis.nl\/de\/ueber-uns\/","og_site_name":"HOD Maassluis","article_modified_time":"2025-09-24T13:52:44+00:00","twitter_card":"summary_large_image","twitter_misc":{"Gesch\u00e4tzte Lesezeit":"1\u00a0Minute"},"schema":{"@context":"https:\/\/schema.org","@graph":[{"@type":"WebPage","@id":"https:\/\/hodmaassluis.nl\/de\/ueber-uns\/","url":"https:\/\/hodmaassluis.nl\/de\/ueber-uns\/","name":"\u00dcber uns - HOD Maassluis","isPartOf":{"@id":"https:\/\/hodmaassluis.nl\/#website"},"datePublished":"2025-02-04T14:05:11+00:00","dateModified":"2025-09-24T13:52:44+00:00","description":"Willkommen bei HOD Maassluis. Seit Jahren der zuverl\u00e4ssige Partner f\u00fcr Sonderposten in Europa. Wir freuen uns darauf, mit Ihnen in Kontakt zu treten.","breadcrumb":{"@id":"https:\/\/hodmaassluis.nl\/de\/ueber-uns\/#breadcrumb"},"inLanguage":"de","potentialAction":[{"@type":"ReadAction","target":["https:\/\/hodmaassluis.nl\/de\/ueber-uns\/"]}]},{"@type":"BreadcrumbList","@id":"https:\/\/hodmaassluis.nl\/de\/ueber-uns\/#breadcrumb","itemListElement":[{"@type":"ListItem","position":1,"name":"Home","item":"https:\/\/hodmaassluis.nl\/de\/willkommen\/"},{"@type":"ListItem","position":2,"name":"\u00dcber uns"}]},{"@type":"WebSite","@id":"https:\/\/hodmaassluis.nl\/#website","url":"https:\/\/hodmaassluis.nl\/","name":"HOD Maassluis","description":"","potentialAction":[{"@type":"SearchAction","target":{"@type":"EntryPoint","urlTemplate":"https:\/\/hodmaassluis.nl\/?s={search_term_string}"},"query-input":{"@type":"PropertyValueSpecification","valueRequired":true,"valueName":"search_term_string"}}],"inLanguage":"de"}]}},"jetpack_sharing_enabled":true,"_links":{"self":[{"href":"https:\/\/hodmaassluis.nl\/de\/wp-json\/wp\/v2\/pages\/9138","targetHints":{"allow":["GET"]}}],"collection":[{"href":"https:\/\/hodmaassluis.nl\/de\/wp-json\/wp\/v2\/pages"}],"about":[{"href":"https:\/\/hodmaassluis.nl\/de\/wp-json\/wp\/v2\/types\/page"}],"author":[{"embeddable":true,"href":"https:\/\/hodmaassluis.nl\/de\/wp-json\/wp\/v2\/users\/2"}],"replies":[{"embeddable":true,"href":"https:\/\/hodmaassluis.nl\/de\/wp-json\/wp\/v2\/comments?post=9138"}],"version-history":[{"count":1,"href":"https:\/\/hodmaassluis.nl\/de\/wp-json\/wp\/v2\/pages\/9138\/revisions"}],"predecessor-version":[{"id":9140,"href":"https:\/\/hodmaassluis.nl\/de\/wp-json\/wp\/v2\/pages\/9138\/revisions\/9140"}],"wp:attachment":[{"href":"https:\/\/hodmaassluis.nl\/de\/wp-json\/wp\/v2\/media?parent=9138"}],"curies":[{"name":"wp","href":"https:\/\/api.w.org\/{rel}","templated":true}]}}